
     {"id":8036,"date":"2021-09-24T17:37:54","date_gmt":"2021-09-24T16:37:54","guid":{"rendered":"https:\/\/www.bsvalencia.com\/?page_id=8036"},"modified":"2026-03-03T08:47:20","modified_gmt":"2026-03-03T08:47:20","slug":"familia-cognita","status":"publish","type":"page","link":"https:\/\/www.bsvalencia.com\/es\/familia-cognita\/","title":{"rendered":"Familia Cognita"},"content":{"rendered":"<div class=\"wpb-content-wrapper\"><p>[vc_row][vc_column]<section  class=\"bg-video-wrap hero section hero--centertext  small-header \" style='background: url(https:\/\/www.bsvalencia.com\/wp-content\/uploads\/sites\/98\/2025\/01\/BSV-Header-Cognita.jpg) center ;background-size:cover ;'>\n                <div class=\"bg-overlay\" style='background:#000000;opacity:0.4;'><\/div>\n                <div class=\"overlay\" >\n                  <div class=\"container-fluid\">\n                    <div class=\"row\">\n                      <div class=\"col-md-12 col-lg-12\">\n\n                        <div class=\"caption text-start\"><div class=\"component sub-heading\" >\n                              <h1 class=\"display-h1\">Familia Cognita<\/h1>\n                            <\/div><\/div>\n                      <\/div>\n                    <\/div>\n                  <\/div>\n                <\/div>\n              <\/section><div class='row  m-x-0 breadcrumb-wrap ' style=''><div class='container-fluid' >\n                <nav aria-label='breadcrumb'><ol class=\"breadcrumb mt-3\">\n                  <li class=\"breadcrumb-item\"><a href=\"https:\/\/www.bsvalencia.com\/es\/\">Home<\/a><\/li>\n                  <li class=\"breadcrumb-item active\" aria-current=\"page\">Familia Cognita<\/li>\n                <\/ol>\n              <\/nav>\n              <\/div>\n            <\/div>[\/vc_column][\/vc_row][vc_row][vc_column]\n            <div class=\"wrapper\">\n    <section  style='' class=\"section    container-width    \" ><div class=\"container-fluid\"><div class=\"row  justify-content-between  \"><div class=\" col-lg-6 col-md-6      \" ><div class=\"component mb-1 mt-0  radius-bottom-LR \" style='px'><div class=\"sub-heading component\"><h2  class=\"h5  \">Los colegios Cognita ofrecen una educaci\u00f3n internacional \u00fanica<\/h2><\/div>\n                        <div class=\"sub-heading component \">\n                        <p class=\"body-medium\">British School of Valencia forma parte de Cognita, una extraordinaria familia de colegios, distintos pero conectados entre s\u00ed, que comparten un mismo objetivo: crear un mundo educativo estimulante en el que los estudiantes ganen confianza en s\u00ed mismos y los empodere para que tengan \u00e9xito. Con 90 colegios en Europa, Sudam\u00e9rica, Norteam\u00e9rica, Oriente Medio y Asia, Cognita tiene alrededor de 22.000 empleados docentes y de apoyo que se dedican al cuidado y la educaci\u00f3n de 100.000 estudiantes.<br \/>\n<br \/>\nLos colegios Cognita ofrecen una educaci\u00f3n internacional \u00fanica, que va m\u00e1s all\u00e1 de las calificaciones, centrada en el desarrollo de una excelencia acad\u00e9mica completa, que proporciona confianza e iniciativa a los j\u00f3venes y los prepara para crecer, desarrollarse y buscar su propio \u00e9xito en un mundo en constante cambio.<\/p>\n                        <\/div><\/div><div class=\"component link\"><a href=\"http:\/\/www.cognita.com\" class=\" btn btn-primary\" target=\"_blank\">Visita cognita.com<\/a><\/div><\/div>\n                    <div class=\"col-lg-5 col-md-6    \"><div class=\"component single-img \"><div class=\"ratio ratio-4x3 callout-img halfcol--img image_overlay_9716\" style=\"background-image: url(https:\/\/www.bsvalencia.com\/wp-content\/uploads\/sites\/98\/2025\/01\/BSV-Cognita-1.jpg);\"><\/div><\/div> <\/div>\n             <\/div>\n        <\/div>\n<\/section>\n            <\/div>[\/vc_column][\/vc_row][vc_row][vc_column]\n    <section  style='background-image: url(https:\/\/www.bsvalencia.com\/wp-content\/uploads\/sites\/98\/2023\/03\/bsv-logo-bg-test-4.png);margin-bottom:5px;' class=\"section  wpb_animate_when_almost_visible wpb_fadeInUp fadeInUp  section--blue    section--withBG \" ><div class=\"bg-overlay\" ><\/div><div class=\"container-fluid\"><div class=\"row\">\n                <div class=\"col-md-12 col-lg-10\">  <div class=\"component title\">\n                                        <p class=\"body-small\">EXCELENCIA ACAD\u00c9MICA<\/p>\n                                    <\/div><\/div>\n                <\/div><div class=\"row  justify-content-between  \"><div class=\" col-lg-6 col-md-6      \" ><div class=\"component mb-1 mt-0  radius-bottom-LR \" style='px'><div class=\"sub-heading component\"><h2  class=\"h5  \">La mejora continua es la esencia del modelo Cognita<\/h2><\/div>\n                        <div class=\"sub-heading component \">\n                        <p class=\"body-medium\">Nuestro <i>Global Education Team<\/i> est\u00e1 formado por un equipo directivo que reside en las cuatro regiones Cognita del mundo. Juntos, se sirven de la evidencia, tanto de nuestro propio grupo como de fuentes externas, para impulsar pr\u00e1cticas educativas excelentes en todos nuestros colegios.<br \/>\n<br \/>\nNuestra diversidad internacional alimenta nuestra innovaci\u00f3n. Una de las ventajas clave de formar parte de la familia Cognita es la posibilidad de conectar y colaborar con compa\u00f1eros de todo el mundo.<br \/>\n<br \/>\nNuestra alianza con el <i>University College<\/i> de Londres (UCL), por ejemplo, prev\u00e9 que los docentes realicen proyectos de investigaci\u00f3n relacionados con el aprendizaje individualizado del alumnado. Se trata de un trabajo con un importante impacto en el progreso de los estudiantes y del departamento.<\/p>\n                        <\/div><\/div><\/div>\n                    <div class=\"col-lg-5 col-md-6    \"><div class=\"component single-img \"><div class=\"ratio ratio-4x3 callout-img halfcol--img image_overlay_7520\" style=\"background-image: url(https:\/\/www.bsvalencia.com\/wp-content\/uploads\/sites\/98\/2025\/01\/BSV-Cognita-2.jpg);\"><\/div><\/div> <\/div>\n             <\/div>\n        <\/div>\n<\/section>[\/vc_column][\/vc_row][vc_row][vc_column]\n            <div class=\"wrapper\">\n    <section  style='' class=\"section  wpb_animate_when_almost_visible wpb_fadeInUp fadeInUp   container-width    \" ><div class=\"container-fluid\"><div class=\"row\">\n                <div class=\"col-md-12 col-lg-10\">  <div class=\"component title\">\n                                        <p class=\"body-small\">BIENESTAR<\/p>\n                                    <\/div><\/div>\n                <\/div><div class=\"row  justify-content-between  \"><div class=\" col-lg-6 col-md-6      \" ><div class=\"component mb-1 mt-0  radius-bottom-LR \" style='px'><div class=\"sub-heading component\"><h2  class=\"h5  \">El bienestar es la base de la educaci\u00f3n Cognita<\/h2><\/div>\n                        <div class=\"sub-heading component \">\n                        <p class=\"body-medium\">En nuestra familia de colegios internacionales, se vive y respira la cultura del bienestar. Cognita es pionera en el uso y an\u00e1lisis de datos que facilitan intervenciones m\u00e1s s\u00f3lidas y espec\u00edficas para el bienestar del alumnado. <br \/>\n<br \/>\nComplementamos la importancia del cuidado pastoral en el colegio con el desarrollo de herramientas propias para supervisar los indicadores asociados con el bienestar del alumnado, identificando proactivamente problemas a los que tengan que enfrentarse.<br \/>\n<br \/>\nAsimismo, durante el <i>Global Be Well Day<\/i> de Cognita, que se celebra de forma anual cada mes de septiembre, British School of Valencia se suma a todos los colegios Cognita del mundo para dedicar un d\u00eda entero al bienestar.<br \/>\n<br \/>\nCognita produce con regularidad recursos de gran calidad para las familias, como la serie de Recursos para el Bienestar sobre tem\u00e1ticas relevantes, como el sue\u00f1o y el tiempo ante pantallas.<\/p>\n                        <\/div><\/div><div class=\"component link\"><a href=\"https:\/\/www.cognita.com\/cognita-be-well\/\" class=\" btn btn-primary\" target=\"_blank\">Descubre m\u00e1s en Cognita Be Well<\/a><\/div><\/div>\n                    <div class=\"col-lg-5 col-md-6    \"><div class=\"component single-img \"><div class=\"ratio ratio-16x9 callout-img halfcol--img image_overlay_2143\" style=\"background-image: url(https:\/\/www.bsvalencia.com\/wp-content\/uploads\/sites\/98\/2025\/01\/BSV-Cognita-3.jpg);\"><\/div><\/div><div class=\"component single-img \"><div class=\"ratio ratio-16x9 callout-img halfcol--img image_overlay_1165\" style=\"background-image: url(https:\/\/www.bsvalencia.com\/wp-content\/uploads\/sites\/98\/2025\/01\/BSV-Cognita-4.jpg);\"><\/div><\/div> <\/div>\n             <\/div>\n        <\/div>\n<\/section>\n            <\/div>[\/vc_column][\/vc_row][vc_row][vc_column]<section  class=\"section  wpb_animate_when_almost_visible wpb_fadeInUp fadeInUp     section--blue\" style='background-color:#f0f2f1;'><div class=\"container-fluid section--blue\" style='background-color:#f0f2f1'><style>\n            .background-box .heading .h5:after {\n                display:none;\n            }\n            <\/style><div class=\"row m-0 justify-content-center pt-3 pt-md-3\"><style>\n                .thumbnail_img_overlay_2150 .heading .h5 a {\n                    font-size: 34px;\n                    line-height:34px;\n                    \n                }\n\n                .thumbnail_img_overlay_2150 .heading .h5 {\n                    font-size: 34px;\n                    line-height: 34px;\n                    \n                }\n               \n                <\/style><style>\n                .thumbnail_img_overlay_2150 .heading .h5 a {\n                    color: #ffffffpx;\n                    \n                }\n\n                .thumbnail_img_overlay_2150 .heading .h5 {\n                    color: #ffffffpx;\n                    \n                }\n               \n                <\/style><style>\n                .thumbnail_img_overlay_2150 .callout-img.leftBottom-content .img-overlay {\n                    align-items: center;\n                    display: inline-grid;\n                    text-align: center;\n                   \n                }\n\n                .thumbnail_img_overlay_2150 .background-box .heading .h5:after {\n                    left: 112px;\n                    top: 62%;\n                    }\n                    @media (max-width: 992px){\n                        .thumbnail_img_overlay_2150 .background-box .heading .h5:after {\n                            left: 41px;\n                            top: 62%;\n                            } \n                    }\n               \n                <\/style><div class=\"col-lg-3 col-md-3 col-sm-3 mb-3 pb-2\">\n                            <div class=\"card card--white tech-images next-steps-module  thumbnail_img_overlay_2150\">   <a class=\"nolinkimage\" target=\"_blank\"><div class=\"ratio ratio-21x9 callout-img halfcol--img leftBottom-content background-box\" style=\"background:#334069;\">\n                                    \n                                    <div class=\"img-overlay \">\n                                   \n                                        <div class=\"heading component\">\n                                        <h5 class=\"h5\" style=\"background:;\">Pr\u00f3ximos pasos:<\/h5>\n                                        <\/div>\n                                      \n                                   \n                                <\/div>\n                                    \n                                    <\/div><\/a>\n                            <\/div>\n                        <\/div><style>\n                .thumbnail_img_overlay_2447 .callout-img.halfcol--img .img-overlay {\n                    background: rgba(0,0,0,0.5);\n                    \n                }\n\n                .thumbnail_img_overlay_2447 .tech-images .callout-img.halfcol--img {\n                    background: rgba(0,0,0,0.5);\n                    \n                }\n\n                <\/style><style>\n                .thumbnail_img_overlay_2447 .heading .h5 {\n                    background: rgba(183,17,60,0.5);\n                    \n                }\n\n            \n\n                <\/style><style>\n                .thumbnail_img_overlay_2447 .heading .h5 a {\n                    font-size: 24px;\n                    line-height:24px;\n                    \n                }\n\n                .thumbnail_img_overlay_2447 .heading .h5 {\n                    font-size: 24px;\n                    line-height: 24px;\n                    \n                }\n               \n                <\/style><style>\n                .thumbnail_img_overlay_2447 .heading .h5 a {\n                    color: #ffffffpx;\n                    \n                }\n\n                .thumbnail_img_overlay_2447 .heading .h5 {\n                    color: #ffffffpx;\n                    \n                }\n               \n                <\/style><div class=\"col-lg-3 col-md-3 col-sm-3 mb-3 pb-2\">\n                            <div class=\"card card--white tech-images next-steps-module  thumbnail_img_overlay_2447\">   <a class=\"\" href = \"\/es\/mision-y-valores\/\" ><div class=\"ratio ratio-21x9 callout-img halfcol--img leftBottom-content\" style=\"background-image: url(https:\/\/www.bsvalencia.com\/wp-content\/uploads\/sites\/98\/2025\/01\/BSV-Home.jpg);background-position:center;\">\n                                 \n                                 <div class=\"img-overlay \">\n                                 \n                                     <div class=\"heading component\">\n                                        <h5 class=\"h5\" >Misi\u00f3n y Valores<\/h5>\n                                     <\/div>\n                                   \n                                \n                             <\/div>\n                                 \n                                 <\/div><\/a>\n                            <\/div>\n                        <\/div><style>\n                .thumbnail_img_overlay_2005 .callout-img.halfcol--img .img-overlay {\n                    background: rgba(0,0,0,0.5);\n                    \n                }\n\n                .thumbnail_img_overlay_2005 .tech-images .callout-img.halfcol--img {\n                    background: rgba(0,0,0,0.5);\n                    \n                }\n\n                <\/style><style>\n                .thumbnail_img_overlay_2005 .heading .h5 {\n                    background: rgba(183,17,60,0.5);\n                    \n                }\n\n            \n\n                <\/style><style>\n                .thumbnail_img_overlay_2005 .heading .h5 a {\n                    font-size: 24px;\n                    line-height:24px;\n                    \n                }\n\n                .thumbnail_img_overlay_2005 .heading .h5 {\n                    font-size: 24px;\n                    line-height: 24px;\n                    \n                }\n               \n                <\/style><style>\n                .thumbnail_img_overlay_2005 .heading .h5 a {\n                    color: #ffffffpx;\n                    \n                }\n\n                .thumbnail_img_overlay_2005 .heading .h5 {\n                    color: #ffffffpx;\n                    \n                }\n               \n                <\/style><div class=\"col-lg-3 col-md-3 col-sm-3 mb-3 pb-2\">\n                            <div class=\"card card--white tech-images next-steps-module  thumbnail_img_overlay_2005\">   <a class=\"\" href = \"\/es\/educacion-britanica\/\" ><div class=\"ratio ratio-21x9 callout-img halfcol--img leftBottom-content\" style=\"background-image: url(https:\/\/www.bsvalencia.com\/wp-content\/uploads\/sites\/98\/2025\/01\/BSV-Britanico.jpg);background-position:center;\">\n                                 \n                                 <div class=\"img-overlay \">\n                                 \n                                     <div class=\"heading component\">\n                                        <h5 class=\"h5\" >Educaci\u00f3n Brit\u00e1nica<\/h5>\n                                     <\/div>\n                                   \n                                \n                             <\/div>\n                                 \n                                 <\/div><\/a>\n                            <\/div>\n                        <\/div><style>\n                .thumbnail_img_overlay_3341 .callout-img.halfcol--img .img-overlay {\n                    background: rgba(0,0,0,0.5);\n                    \n                }\n\n                .thumbnail_img_overlay_3341 .tech-images .callout-img.halfcol--img {\n                    background: rgba(0,0,0,0.5);\n                    \n                }\n\n                <\/style><style>\n                .thumbnail_img_overlay_3341 .heading .h5 {\n                    background: rgba(183,17,60,0.5);\n                    \n                }\n\n            \n\n                <\/style><style>\n                .thumbnail_img_overlay_3341 .heading .h5 a {\n                    font-size: 24px;\n                    line-height:24px;\n                    \n                }\n\n                .thumbnail_img_overlay_3341 .heading .h5 {\n                    font-size: 24px;\n                    line-height: 24px;\n                    \n                }\n               \n                <\/style><style>\n                .thumbnail_img_overlay_3341 .heading .h5 a {\n                    color: #ffffffpx;\n                    \n                }\n\n                .thumbnail_img_overlay_3341 .heading .h5 {\n                    color: #ffffffpx;\n                    \n                }\n               \n                <\/style><div class=\"col-lg-3 col-md-3 col-sm-3 mb-3 pb-2\">\n                            <div class=\"card card--white tech-images next-steps-module  thumbnail_img_overlay_3341\">   <a class=\"\" href = \"\/es\/proceso-de-admision\/\" ><div class=\"ratio ratio-21x9 callout-img halfcol--img leftBottom-content\" style=\"background-image: url(https:\/\/www.bsvalencia.com\/wp-content\/uploads\/sites\/98\/2025\/01\/BSV-Admisiones-1.jpg);background-position:center;\">\n                                 \n                                 <div class=\"img-overlay \">\n                                 \n                                     <div class=\"heading component\">\n                                        <h5 class=\"h5\" >Proceso de Admisi\u00f3n<\/h5>\n                                     <\/div>\n                                   \n                                \n                             <\/div>\n                                 \n                                 <\/div><\/a>\n                            <\/div>\n                        <\/div><\/div><\/div>\n            <\/section>[\/vc_column][\/vc_row]<\/p>\n<\/div>","protected":false},"excerpt":{"rendered":"<p>[vc_row][vc_column][\/vc_column][\/vc_row][vc_row][vc_column][\/vc_column][\/vc_row][vc_row][vc_column][\/vc_column][\/vc_row][vc_row][vc_column][\/vc_column][\/vc_row][vc_row][vc_column][\/vc_column][\/vc_row]<\/p>\n","protected":false},"author":390,"featured_media":0,"parent":0,"menu_order":0,"comment_status":"closed","ping_status":"closed","template":"","meta":{"_acf_changed":false,"footnotes":""},"class_list":["post-8036","page","type-page","status-publish","hentry"],"acf":[],"yoast_head":"<!-- This site is optimized with the Yoast SEO plugin v27.4 - https:\/\/yoast.com\/product\/yoast-seo-wordpress\/ -->\n<title>Formamos parte de la familia Cognita - BSV<\/title>\n<meta name=\"description\" content=\"Descubre m\u00e1s sobre la familia de escuelas Cognita y c\u00f3mo trabajamos juntos para ofrecer una educaci\u00f3n sobresaliente en nuestro BSV\" \/>\n<meta name=\"robots\" content=\"index, follow, max-snippet:-1, max-image-preview:large, max-video-preview:-1\" \/>\n<link rel=\"canonical\" href=\"https:\/\/www.bsvalencia.com\/es\/familia-cognita\/\" \/>\n<meta property=\"og:locale\" content=\"es_ES\" \/>\n<meta property=\"og:type\" content=\"article\" \/>\n<meta property=\"og:title\" content=\"Formamos parte de la familia Cognita - BSV\" \/>\n<meta property=\"og:description\" content=\"Descubre m\u00e1s sobre la familia de escuelas Cognita y c\u00f3mo trabajamos juntos para ofrecer una educaci\u00f3n sobresaliente en nuestro BSV\" \/>\n<meta property=\"og:url\" content=\"https:\/\/www.bsvalencia.com\/es\/familia-cognita\/\" \/>\n<meta property=\"og:site_name\" content=\"British School of Valencia\" \/>\n<meta property=\"article:publisher\" content=\"https:\/\/www.facebook.com\/britishschoolvalencia\" \/>\n<meta property=\"article:modified_time\" content=\"2026-03-03T08:47:20+00:00\" \/>\n<meta property=\"og:image\" content=\"https:\/\/www.bsvalencia.com\/wp-content\/uploads\/sites\/98\/2023\/03\/bsv-logo.png\" \/>\n\t<meta property=\"og:image:width\" content=\"261\" \/>\n\t<meta property=\"og:image:height\" content=\"99\" \/>\n\t<meta property=\"og:image:type\" content=\"image\/png\" \/>\n<meta name=\"twitter:card\" content=\"summary_large_image\" \/>\n<meta name=\"twitter:site\" content=\"@BritishValencia\" \/>\n<meta name=\"twitter:label1\" content=\"Tiempo de lectura\" \/>\n\t<meta name=\"twitter:data1\" content=\"1 minuto\" \/>\n<!-- \/ Yoast SEO plugin. -->","yoast_head_json":{"title":"Formamos parte de la familia Cognita - BSV","description":"Descubre m\u00e1s sobre la familia de escuelas Cognita y c\u00f3mo trabajamos juntos para ofrecer una educaci\u00f3n sobresaliente en nuestro BSV","robots":{"index":"index","follow":"follow","max-snippet":"max-snippet:-1","max-image-preview":"max-image-preview:large","max-video-preview":"max-video-preview:-1"},"canonical":"https:\/\/www.bsvalencia.com\/es\/familia-cognita\/","og_locale":"es_ES","og_type":"article","og_title":"Formamos parte de la familia Cognita - BSV","og_description":"Descubre m\u00e1s sobre la familia de escuelas Cognita y c\u00f3mo trabajamos juntos para ofrecer una educaci\u00f3n sobresaliente en nuestro BSV","og_url":"https:\/\/www.bsvalencia.com\/es\/familia-cognita\/","og_site_name":"British School of Valencia","article_publisher":"https:\/\/www.facebook.com\/britishschoolvalencia","article_modified_time":"2026-03-03T08:47:20+00:00","og_image":[{"width":261,"height":99,"url":"https:\/\/www.bsvalencia.com\/wp-content\/uploads\/sites\/98\/2023\/03\/bsv-logo.png","type":"image\/png"}],"twitter_card":"summary_large_image","twitter_site":"@BritishValencia","twitter_misc":{"Tiempo de lectura":"1 minuto"},"schema":{"@context":"https:\/\/schema.org","@graph":[{"@type":"WebPage","@id":"https:\/\/www.bsvalencia.com\/es\/familia-cognita\/","url":"https:\/\/www.bsvalencia.com\/es\/familia-cognita\/","name":"Formamos parte de la familia Cognita - BSV","isPartOf":{"@id":"https:\/\/www.bsvalencia.com\/es\/#website"},"datePublished":"2021-09-24T16:37:54+00:00","dateModified":"2026-03-03T08:47:20+00:00","description":"Descubre m\u00e1s sobre la familia de escuelas Cognita y c\u00f3mo trabajamos juntos para ofrecer una educaci\u00f3n sobresaliente en nuestro BSV","breadcrumb":{"@id":"https:\/\/www.bsvalencia.com\/es\/familia-cognita\/#breadcrumb"},"inLanguage":"es","potentialAction":[{"@type":"ReadAction","target":["https:\/\/www.bsvalencia.com\/es\/familia-cognita\/"]}]},{"@type":"BreadcrumbList","@id":"https:\/\/www.bsvalencia.com\/es\/familia-cognita\/#breadcrumb","itemListElement":[{"@type":"ListItem","position":1,"name":"Home","item":"https:\/\/www.bsvalencia.com\/es\/"},{"@type":"ListItem","position":2,"name":"Familia Cognita"}]},{"@type":"WebSite","@id":"https:\/\/www.bsvalencia.com\/es\/#website","url":"https:\/\/www.bsvalencia.com\/es\/","name":"British School of Valencia","description":"British School of Valencia (BSV) is a British teaching institution located in the centre of the city of Valencia, founded in 1992.","publisher":{"@id":"https:\/\/www.bsvalencia.com\/es\/#organization"},"alternateName":"BSV","potentialAction":[{"@type":"SearchAction","target":{"@type":"EntryPoint","urlTemplate":"https:\/\/www.bsvalencia.com\/es\/?s={search_term_string}"},"query-input":{"@type":"PropertyValueSpecification","valueRequired":true,"valueName":"search_term_string"}}],"inLanguage":"es"},{"@type":"Organization","@id":"https:\/\/www.bsvalencia.com\/es\/#organization","name":"British School of Valencia","alternateName":"BSV","url":"https:\/\/www.bsvalencia.com\/es\/","logo":{"@type":"ImageObject","inLanguage":"es","@id":"https:\/\/www.bsvalencia.com\/es\/#\/schema\/logo\/image\/","url":"https:\/\/www.bsvalencia.com\/wp-content\/uploads\/sites\/98\/2023\/03\/bsv-favicon.png","contentUrl":"https:\/\/www.bsvalencia.com\/wp-content\/uploads\/sites\/98\/2023\/03\/bsv-favicon.png","width":500,"height":500,"caption":"British School of Valencia"},"image":{"@id":"https:\/\/www.bsvalencia.com\/es\/#\/schema\/logo\/image\/"},"sameAs":["https:\/\/www.facebook.com\/britishschoolvalencia","https:\/\/x.com\/BritishValencia","https:\/\/www.instagram.com\/britishschoolofvalencia\/","https:\/\/www.youtube.com\/channel\/UC9s-V5kZbJEEmBVugS7crzQ","https:\/\/www.linkedin.com\/company\/bsvalencia\/"]}]}},"jetpack_sharing_enabled":true,"_links":{"self":[{"href":"https:\/\/www.bsvalencia.com\/es\/wp-json\/wp\/v2\/pages\/8036","targetHints":{"allow":["GET"]}}],"collection":[{"href":"https:\/\/www.bsvalencia.com\/es\/wp-json\/wp\/v2\/pages"}],"about":[{"href":"https:\/\/www.bsvalencia.com\/es\/wp-json\/wp\/v2\/types\/page"}],"author":[{"embeddable":true,"href":"https:\/\/www.bsvalencia.com\/es\/wp-json\/wp\/v2\/users\/390"}],"replies":[{"embeddable":true,"href":"https:\/\/www.bsvalencia.com\/es\/wp-json\/wp\/v2\/comments?post=8036"}],"version-history":[{"count":36,"href":"https:\/\/www.bsvalencia.com\/es\/wp-json\/wp\/v2\/pages\/8036\/revisions"}],"predecessor-version":[{"id":71529,"href":"https:\/\/www.bsvalencia.com\/es\/wp-json\/wp\/v2\/pages\/8036\/revisions\/71529"}],"wp:attachment":[{"href":"https:\/\/www.bsvalencia.com\/es\/wp-json\/wp\/v2\/media?parent=8036"}],"curies":[{"name":"wp","href":"https:\/\/api.w.org\/{rel}","templated":true}]}}