
     {"id":24624,"date":"2023-02-13T08:23:14","date_gmt":"2023-02-13T08:23:14","guid":{"rendered":"https:\/\/www.bsvalencia.com\/summer-programme\/"},"modified":"2025-06-11T12:48:39","modified_gmt":"2025-06-11T11:48:39","slug":"escuela-de-verano","status":"publish","type":"page","link":"https:\/\/www.bsvalencia.com\/es\/escuela-de-verano\/","title":{"rendered":"Escuela de Verano"},"content":{"rendered":"<div class=\"wpb-content-wrapper\"><p>[vc_row][vc_column]<section  class=\"bg-video-wrap hero section hero--centertext  small-header \" style='background: url(https:\/\/www.bsvalencia.com\/wp-content\/uploads\/sites\/98\/2024\/04\/Header-Summer-School.png) center ;background-size:cover ;'>\n                <div class=\"bg-overlay\" style='background:#898989;opacity:0.2;'><\/div>\n                <div class=\"overlay\" >\n                  <div class=\"container-fluid\">\n                    <div class=\"row\">\n                      <div class=\"col-md-12 col-lg-12\">\n\n                        <div class=\"caption text-start\"><div class=\"component sub-heading\" >\n                              <h1 class=\"display-h1\">Escuela de Verano<\/h1>\n                            <\/div><\/div>\n                      <\/div>\n                    <\/div>\n                  <\/div>\n                <\/div>\n              <\/section><div class='row  m-x-0 breadcrumb-wrap ' style=''><div class='container-fluid' >\n                <nav aria-label='breadcrumb'><ol class=\"breadcrumb mt-3\">\n                  <li class=\"breadcrumb-item\"><a href=\"https:\/\/www.bsvalencia.com\/es\/\">Home<\/a><\/li>\n                  <li class=\"breadcrumb-item active\" aria-current=\"page\">Escuela de Verano<\/li>\n                <\/ol>\n              <\/nav>\n              <\/div>\n            <\/div>[\/vc_column][\/vc_row][vc_row][vc_column]\n            <div class=\"wrapper\">\n    <section  style='' class=\"section    container-width    \" ><div class=\"container-fluid\"><div class=\"row  justify-content-between  \"><div class=\" col-lg-6 col-md-6      \" ><div class=\"component mb-1 mt-0  radius-bottom-LR \" style='px'><div class=\"sub-heading component\"><h2  class=\"h5  \">Disfruta de un verano de diversi\u00f3n y aprendizaje<\/h2><\/div>\n                        <div class=\"sub-heading component \">\n                        <p class=\"body-medium\">En British School of Valencia hemos dise\u00f1ado un programa de verano para ni\u00f1os de 3 a 12 a\u00f1os para que disfruten al m\u00e1ximo de sus vacaciones mientras se divierten y mejoran su nivel de ingl\u00e9s.<br \/>\n<br \/>\nNuestra Escuela de Verano est\u00e1 abierta tanto para alumnos de BSV como para alumnos de otros colegios. Una gran oportunidad para participar en diferentes talleres y juegos especialmente dise\u00f1ados para disfrutar de las vacaciones y hacer nuevos amigos.<\/p>\n                        <\/div><\/div><\/div>\n                    <div class=\"col-lg-5 col-md-6    \"><div class=\"component IconWithText-list\">\n                    <div class=\"card\"><div class=\"card-header section--blue\" style='background-color:#334069;px'>\n                            <div class=\"sub-heading component mb-0\">\n                                <p class=\"body-medium\">Ver m\u00e1s:<\/p>\n                            <\/div>\n                        <\/div><div class=\"card-body section--white\">\n                            <div class=\"component list list--IconWithText-list bordered--icon blue-icon\">\n                                <ul><li><div class=\"component link\"><a href=\"#creative-summer-club\" class=\" btn btn-link\">Creative Summer Club<\/a><\/div><\/li><li><div class=\"component link\"><a href=\"#contacto-e-inscripciones\" class=\" btn btn-link\">Contacto e inscripciones<\/a><\/div><\/li>              <\/ul>\n                            <\/div>\n                    <\/div>  <\/div>\n            <\/div> <\/div>\n             <\/div>\n        <\/div>\n<\/section>\n            <\/div>[\/vc_column][\/vc_row][vc_row][vc_column]\n    <section  id=\"creative-summer-club\"  style='background-image: url(https:\/\/www.bsvalencia.com\/wp-content\/uploads\/sites\/98\/2023\/03\/bsv-logo-bg-test-4.png);' class=\"section  wpb_animate_when_almost_visible wpb_fadeInUp fadeInUp  section--blue   no-padding-list section--withBG \" ><div class=\"bg-overlay\" ><\/div><div class=\"container-fluid\"><div class=\"row  justify-content-between  \"><div class=\" col-lg-5 col-md-6    order-2 order-md-1   \" ><div class=\"component link\"><div class=\"ratio ratio-4x3 callout-img halfcol--img image_overlay_4376\" style=\"background-image: url(https:\/\/www.bsvalencia.com\/wp-content\/uploads\/sites\/98\/2023\/05\/creative-summer-club.png);\"><\/div><\/div><div class=\"component link\"><a href=\"https:\/\/www.bsvalencia.com\/wp-content\/uploads\/sites\/98\/2025\/04\/BSV-Creative-Summer-Club-2025-ESP.pdf\" class=\" btn btn-primary\" target=\"_blank\">Descargar cat\u00e1logo<\/a><\/div><div class=\"component link\"><button class=\"btn btn-link btn-expand\">Otra informaci\u00f3n<\/button><div class=\"expand-content\">\n                                    <div class=\"sub-heading component\"><div class=\"h5 \"><\/div>\n                                            <p class=\"body-medium\" > <\/p><ul class=\"mt-4 expand-list\"><li>Modalidad Infantil de 3 a 5 a\u00f1os<\/li><li>Modalidad Primaria de 6 a 12 a\u00f1os<\/li><li>Del 25 de junio al 25 de julio 2025<\/li><li>Medio d\u00eda de 9:00h a 14:00h (sin comida) o d\u00eda completo de 9:00h a 16:00h (con comida)<\/li><li>En ingl\u00e9s<\/li><li>Para alumnos de BSV y de otros colegios<\/li><\/ul><\/div><\/div><button class=\"btn btn-link btn-expand-close\">Close<\/button><\/div><script>\n                        jQuery(\".btn-expand\").click(function(){\n                            jQuery(this).hide();\n                            jQuery(this).next().slideDown();\n                        });\n                         jQuery(\".btn-expand-close\").click(function(){\n                            jQuery(this).hide();\n                            jQuery(this).prev().slideUp;\n                        });\n                    <\/script><\/div>\n                    <div class=\"col-lg-6 col-md-6  order-1 order-md-2   \"><div class=\"component mb-1 mt-0  radius-bottom-LR \" style='px'><div class=\"sub-heading component\"><h2  class=\"h5  \">Creative Summer Club<\/h2><\/div><\/div><div class=\"component hash-list \" >\n                            <h5 class=\"h8\">Los ni\u00f1os podr\u00e1n participar en distintas actividades como:<\/h5>\n                  <ul class=\"small-items pt-4\" ><li><p class=\"body-medium\">Talleres<\/p><\/li><li><p class=\"body-medium\">Juegos de agua<\/p><\/li><li><p class=\"body-medium\">Excursiones<\/p><\/li><li><p class=\"body-medium\">Actividades deportivas<\/p><\/li><li><p class=\"body-medium\">Juegos y din\u00e1micas grupales<\/p><\/li>   <\/ul>\n                        <\/div><div class=\"component mb-1 mt-0  radius-bottom-LR \" style='px'>\n                        <div class=\"sub-heading component \">\n                        <p class=\"body-medium\">\u00a1Y mucho m\u00e1s!<\/p>\n                        <\/div><\/div> <\/div>\n             <\/div>\n        <\/div>\n<\/section>[\/vc_column][\/vc_row][vc_row][vc_column]\n    <section  id=\"contacto-e-inscripciones\"  style='background-image: url(https:\/\/www.bsvalencia.com\/wp-content\/uploads\/sites\/98\/2023\/05\/bsv-logo-bg-grey-v3.png);' class=\"section  wpb_animate_when_almost_visible wpb_fadeInUp fadeInUp  section--white    section--withBG \" ><div class=\"bg-overlay\" ><\/div><div class=\"container-fluid\"><div class=\"row  justify-content-between  \"><div class=\" col-lg-6 col-md-6      \" ><div class=\"component mb-1 mt-0  radius-bottom-LR \" style='px'><div class=\"sub-heading component\"><h2  class=\"h5  \">Contacto e inscripciones<\/h2><\/div>\n                        <div class=\"sub-heading component \">\n                        <p class=\"body-medium\">Para inscripciones o m\u00e1s informaci\u00f3n, contacta con nosotros por email.<\/p>\n                        <\/div><\/div><div class=\"component link\"><a href=\"mailto:summerclub@bsvalencia.edu.es\" class=\" btn btn-primary\" target=\"_blank\">Contacto<\/a><\/div><\/div>\n                    <div class=\"col-lg-5 col-md-6    \"> <\/div>\n             <\/div>\n        <\/div>\n<\/section>[\/vc_column][\/vc_row][vc_row][vc_column]<section  class=\"section  wpb_animate_when_almost_visible wpb_fadeInUp fadeInUp     \" style=''><div class=\"container-fluid \" ><style>\n            .background-box .heading .h5:after {\n                display:none;\n            }\n            <\/style><div class=\"row m-0 justify-content-center pt-3 pt-md-3\"><style>\n                .thumbnail_img_overlay_1236 .heading .h5 a {\n                    font-size: 34px;\n                    line-height:34px;\n                    \n                }\n\n                .thumbnail_img_overlay_1236 .heading .h5 {\n                    font-size: 34px;\n                    line-height: 34px;\n                    \n                }\n               \n                <\/style><style>\n                .thumbnail_img_overlay_1236 .heading .h5 a {\n                    color: #ffffffpx;\n                    \n                }\n\n                .thumbnail_img_overlay_1236 .heading .h5 {\n                    color: #ffffffpx;\n                    \n                }\n               \n                <\/style><style>\n                .thumbnail_img_overlay_1236 .callout-img.leftBottom-content .img-overlay {\n                    align-items: center;\n                    display: inline-grid;\n                    text-align: center;\n                   \n                }\n\n                .thumbnail_img_overlay_1236 .background-box .heading .h5:after {\n                    left: 112px;\n                    top: 62%;\n                    }\n                    @media (max-width: 992px){\n                        .thumbnail_img_overlay_1236 .background-box .heading .h5:after {\n                            left: 41px;\n                            top: 62%;\n                            } \n                    }\n               \n                <\/style><div class=\"col-lg-3 col-md-3 col-sm-3 mb-3 pb-2\">\n                            <div class=\"card card--white tech-images next-steps-module  thumbnail_img_overlay_1236\">   <a class=\"nolinkimage\" target=\"_blank\"><div class=\"ratio ratio-21x9 callout-img halfcol--img leftBottom-content background-box\" style=\"background:#334069;\">\n                                    \n                                    <div class=\"img-overlay \">\n                                   \n                                        <div class=\"heading component\">\n                                        <h5 class=\"h5\" style=\"background:;\">Pr\u00f3ximos pasos:<\/h5>\n                                        <\/div>\n                                      \n                                   \n                                <\/div>\n                                    \n                                    <\/div><\/a>\n                            <\/div>\n                        <\/div><style>\n                .thumbnail_img_overlay_8109 .callout-img.halfcol--img .img-overlay {\n                    background: rgba(0,0,0,0.5);\n                    \n                }\n\n                .thumbnail_img_overlay_8109 .tech-images .callout-img.halfcol--img {\n                    background: rgba(0,0,0,0.5);\n                    \n                }\n\n                <\/style><style>\n                .thumbnail_img_overlay_8109 .heading .h5 {\n                    background: rgba(183,17,60,0.5);\n                    \n                }\n\n            \n\n                <\/style><style>\n                .thumbnail_img_overlay_8109 .heading .h5 a {\n                    font-size: 24px;\n                    line-height:24px;\n                    \n                }\n\n                .thumbnail_img_overlay_8109 .heading .h5 {\n                    font-size: 24px;\n                    line-height: 24px;\n                    \n                }\n               \n                <\/style><style>\n                .thumbnail_img_overlay_8109 .heading .h5 a {\n                    color: #ffffffpx;\n                    \n                }\n\n                .thumbnail_img_overlay_8109 .heading .h5 {\n                    color: #ffffffpx;\n                    \n                }\n               \n                <\/style><div class=\"col-lg-3 col-md-3 col-sm-3 mb-3 pb-2\">\n                            <div class=\"card card--white tech-images next-steps-module  thumbnail_img_overlay_8109\">   <a class=\"\" href = \"\/es\/mision-y-valores\/\" ><div class=\"ratio ratio-21x9 callout-img halfcol--img leftBottom-content\" style=\"background-image: url(https:\/\/www.bsvalencia.com\/wp-content\/uploads\/sites\/98\/2025\/01\/BSV-Home.jpg);background-position:center;\">\n                                 \n                                 <div class=\"img-overlay \">\n                                 \n                                     <div class=\"heading component\">\n                                         <h5 class=\"h5\" >Misi\u00f3n y Valores<\/h5>\n                                     <\/div>\n                                   \n                                \n                             <\/div>\n                                 \n                                 <\/div><\/a>\n                            <\/div>\n                        <\/div><style>\n                .thumbnail_img_overlay_5195 .callout-img.halfcol--img .img-overlay {\n                    background: rgba(0,0,0,0.5);\n                    \n                }\n\n                .thumbnail_img_overlay_5195 .tech-images .callout-img.halfcol--img {\n                    background: rgba(0,0,0,0.5);\n                    \n                }\n\n                <\/style><style>\n                .thumbnail_img_overlay_5195 .heading .h5 {\n                    background: rgba(183,17,60,0.5);\n                    \n                }\n\n            \n\n                <\/style><style>\n                .thumbnail_img_overlay_5195 .heading .h5 a {\n                    font-size: 24px;\n                    line-height:24px;\n                    \n                }\n\n                .thumbnail_img_overlay_5195 .heading .h5 {\n                    font-size: 24px;\n                    line-height: 24px;\n                    \n                }\n               \n                <\/style><style>\n                .thumbnail_img_overlay_5195 .heading .h5 a {\n                    color: #ffffffpx;\n                    \n                }\n\n                .thumbnail_img_overlay_5195 .heading .h5 {\n                    color: #ffffffpx;\n                    \n                }\n               \n                <\/style><div class=\"col-lg-3 col-md-3 col-sm-3 mb-3 pb-2\">\n                            <div class=\"card card--white tech-images next-steps-module  thumbnail_img_overlay_5195\">   <a class=\"\" href = \"\/es\/educacion-britanica\/\" ><div class=\"ratio ratio-21x9 callout-img halfcol--img leftBottom-content\" style=\"background-image: url(https:\/\/www.bsvalencia.com\/wp-content\/uploads\/sites\/98\/2025\/01\/BSV-Britanico.jpg);background-position:center;\">\n                                 \n                                 <div class=\"img-overlay \">\n                                 \n                                     <div class=\"heading component\">\n                                         <h5 class=\"h5\" >Educaci\u00f3n Brit\u00e1nica<\/h5>\n                                     <\/div>\n                                   \n                                \n                             <\/div>\n                                 \n                                 <\/div><\/a>\n                            <\/div>\n                        <\/div><style>\n                .thumbnail_img_overlay_4786 .callout-img.halfcol--img .img-overlay {\n                    background: rgba(0,0,0,0.5);\n                    \n                }\n\n                .thumbnail_img_overlay_4786 .tech-images .callout-img.halfcol--img {\n                    background: rgba(0,0,0,0.5);\n                    \n                }\n\n                <\/style><style>\n                .thumbnail_img_overlay_4786 .heading .h5 {\n                    background: rgba(183,17,60,0.5);\n                    \n                }\n\n            \n\n                <\/style><style>\n                .thumbnail_img_overlay_4786 .heading .h5 a {\n                    font-size: 24px;\n                    line-height:24px;\n                    \n                }\n\n                .thumbnail_img_overlay_4786 .heading .h5 {\n                    font-size: 24px;\n                    line-height: 24px;\n                    \n                }\n               \n                <\/style><style>\n                .thumbnail_img_overlay_4786 .heading .h5 a {\n                    color: #ffffffpx;\n                    \n                }\n\n                .thumbnail_img_overlay_4786 .heading .h5 {\n                    color: #ffffffpx;\n                    \n                }\n               \n                <\/style><div class=\"col-lg-3 col-md-3 col-sm-3 mb-3 pb-2\">\n                            <div class=\"card card--white tech-images next-steps-module  thumbnail_img_overlay_4786\">   <a class=\"\" href = \"\/es\/proceso-de-admision\/\" ><div class=\"ratio ratio-21x9 callout-img halfcol--img leftBottom-content\" style=\"background-image: url(https:\/\/www.bsvalencia.com\/wp-content\/uploads\/sites\/98\/2025\/01\/BSV-Admisiones-1.jpg);background-position:center;\">\n                                 \n                                 <div class=\"img-overlay \">\n                                 \n                                     <div class=\"heading component\">\n                                         <h5 class=\"h5\" >Proceso de Admisi\u00f3n<\/h5>\n                                     <\/div>\n                                   \n                                \n                             <\/div>\n                                 \n                                 <\/div><\/a>\n                            <\/div>\n                        <\/div><\/div><\/div>\n            <\/section>[\/vc_column][\/vc_row]<\/p>\n<\/div>","protected":false},"excerpt":{"rendered":"<p>[vc_row][vc_column][\/vc_column][\/vc_row][vc_row][vc_column][\/vc_column][\/vc_row][vc_row][vc_column][\/vc_column][\/vc_row][vc_row][vc_column][\/vc_column][\/vc_row][vc_row][vc_column][\/vc_column][\/vc_row]<\/p>\n","protected":false},"author":441,"featured_media":0,"parent":0,"menu_order":0,"comment_status":"closed","ping_status":"closed","template":"","meta":{"_acf_changed":false,"footnotes":""},"class_list":["post-24624","page","type-page","status-publish","hentry"],"acf":[],"yoast_head":"<!-- This site is optimized with the Yoast SEO plugin v26.5 - https:\/\/yoast.com\/wordpress\/plugins\/seo\/ -->\n<title>Escuela de Verano en Ingl\u00e9s - British School of Valencia<\/title>\n<meta name=\"description\" content=\"En BSV hemos dise\u00f1ado una escuela de verano para que los ni\u00f1os de 3 a 12 a\u00f1os disfruten de sus vacaciones mientras mejoran su ingl\u00e9s.\" \/>\n<meta name=\"robots\" content=\"index, follow, max-snippet:-1, max-image-preview:large, max-video-preview:-1\" \/>\n<link rel=\"canonical\" href=\"https:\/\/www.bsvalencia.com\/es\/escuela-de-verano\/\" \/>\n<meta property=\"og:locale\" content=\"es_ES\" \/>\n<meta property=\"og:type\" content=\"article\" \/>\n<meta property=\"og:title\" content=\"Escuela de Verano en Ingl\u00e9s - British School of Valencia\" \/>\n<meta property=\"og:description\" content=\"En BSV hemos dise\u00f1ado una escuela de verano para que los ni\u00f1os de 3 a 12 a\u00f1os disfruten de sus vacaciones mientras mejoran su ingl\u00e9s.\" \/>\n<meta property=\"og:url\" content=\"https:\/\/www.bsvalencia.com\/es\/escuela-de-verano\/\" \/>\n<meta property=\"og:site_name\" content=\"British School of Valencia\" \/>\n<meta property=\"article:publisher\" content=\"https:\/\/www.facebook.com\/britishschoolvalencia\" \/>\n<meta property=\"article:modified_time\" content=\"2025-06-11T11:48:39+00:00\" \/>\n<meta property=\"og:image\" content=\"https:\/\/www.bsvalencia.com\/wp-content\/uploads\/sites\/98\/2023\/03\/bsv-logo.png\" \/>\n\t<meta property=\"og:image:width\" content=\"261\" \/>\n\t<meta property=\"og:image:height\" content=\"99\" \/>\n\t<meta property=\"og:image:type\" content=\"image\/png\" \/>\n<meta name=\"twitter:card\" content=\"summary_large_image\" \/>\n<meta name=\"twitter:site\" content=\"@BritishValencia\" \/>\n<meta name=\"twitter:label1\" content=\"Tiempo de lectura\" \/>\n\t<meta name=\"twitter:data1\" content=\"1 minuto\" \/>\n<!-- \/ Yoast SEO plugin. -->","yoast_head_json":{"title":"Escuela de Verano en Ingl\u00e9s - British School of Valencia","description":"En BSV hemos dise\u00f1ado una escuela de verano para que los ni\u00f1os de 3 a 12 a\u00f1os disfruten de sus vacaciones mientras mejoran su ingl\u00e9s.","robots":{"index":"index","follow":"follow","max-snippet":"max-snippet:-1","max-image-preview":"max-image-preview:large","max-video-preview":"max-video-preview:-1"},"canonical":"https:\/\/www.bsvalencia.com\/es\/escuela-de-verano\/","og_locale":"es_ES","og_type":"article","og_title":"Escuela de Verano en Ingl\u00e9s - British School of Valencia","og_description":"En BSV hemos dise\u00f1ado una escuela de verano para que los ni\u00f1os de 3 a 12 a\u00f1os disfruten de sus vacaciones mientras mejoran su ingl\u00e9s.","og_url":"https:\/\/www.bsvalencia.com\/es\/escuela-de-verano\/","og_site_name":"British School of Valencia","article_publisher":"https:\/\/www.facebook.com\/britishschoolvalencia","article_modified_time":"2025-06-11T11:48:39+00:00","og_image":[{"width":261,"height":99,"url":"https:\/\/www.bsvalencia.com\/wp-content\/uploads\/sites\/98\/2023\/03\/bsv-logo.png","type":"image\/png"}],"twitter_card":"summary_large_image","twitter_site":"@BritishValencia","twitter_misc":{"Tiempo de lectura":"1 minuto"},"schema":{"@context":"https:\/\/schema.org","@graph":[{"@type":"WebPage","@id":"https:\/\/www.bsvalencia.com\/es\/escuela-de-verano\/","url":"https:\/\/www.bsvalencia.com\/es\/escuela-de-verano\/","name":"Escuela de Verano en Ingl\u00e9s - British School of Valencia","isPartOf":{"@id":"https:\/\/www.bsvalencia.com\/es\/#website"},"datePublished":"2023-02-13T08:23:14+00:00","dateModified":"2025-06-11T11:48:39+00:00","description":"En BSV hemos dise\u00f1ado una escuela de verano para que los ni\u00f1os de 3 a 12 a\u00f1os disfruten de sus vacaciones mientras mejoran su ingl\u00e9s.","breadcrumb":{"@id":"https:\/\/www.bsvalencia.com\/es\/escuela-de-verano\/#breadcrumb"},"inLanguage":"es","potentialAction":[{"@type":"ReadAction","target":["https:\/\/www.bsvalencia.com\/es\/escuela-de-verano\/"]}]},{"@type":"BreadcrumbList","@id":"https:\/\/www.bsvalencia.com\/es\/escuela-de-verano\/#breadcrumb","itemListElement":[{"@type":"ListItem","position":1,"name":"Home","item":"https:\/\/www.bsvalencia.com\/es\/"},{"@type":"ListItem","position":2,"name":"Escuela de Verano"}]},{"@type":"WebSite","@id":"https:\/\/www.bsvalencia.com\/es\/#website","url":"https:\/\/www.bsvalencia.com\/es\/","name":"British School of Valencia","description":"British School of Valencia (BSV) is a British teaching institution located in the centre of the city of Valencia, founded in 1992.","publisher":{"@id":"https:\/\/www.bsvalencia.com\/es\/#organization"},"alternateName":"BSV","potentialAction":[{"@type":"SearchAction","target":{"@type":"EntryPoint","urlTemplate":"https:\/\/www.bsvalencia.com\/es\/?s={search_term_string}"},"query-input":{"@type":"PropertyValueSpecification","valueRequired":true,"valueName":"search_term_string"}}],"inLanguage":"es"},{"@type":"Organization","@id":"https:\/\/www.bsvalencia.com\/es\/#organization","name":"British School of Valencia","alternateName":"BSV","url":"https:\/\/www.bsvalencia.com\/es\/","logo":{"@type":"ImageObject","inLanguage":"es","@id":"https:\/\/www.bsvalencia.com\/es\/#\/schema\/logo\/image\/","url":"https:\/\/www.bsvalencia.com\/wp-content\/uploads\/sites\/98\/2023\/03\/bsv-favicon.png","contentUrl":"https:\/\/www.bsvalencia.com\/wp-content\/uploads\/sites\/98\/2023\/03\/bsv-favicon.png","width":500,"height":500,"caption":"British School of Valencia"},"image":{"@id":"https:\/\/www.bsvalencia.com\/es\/#\/schema\/logo\/image\/"},"sameAs":["https:\/\/www.facebook.com\/britishschoolvalencia","https:\/\/x.com\/BritishValencia","https:\/\/www.instagram.com\/britishschoolofvalencia\/","https:\/\/www.youtube.com\/channel\/UC9s-V5kZbJEEmBVugS7crzQ","https:\/\/www.linkedin.com\/company\/bsvalencia\/"]}]}},"jetpack_sharing_enabled":true,"_links":{"self":[{"href":"https:\/\/www.bsvalencia.com\/es\/wp-json\/wp\/v2\/pages\/24624","targetHints":{"allow":["GET"]}}],"collection":[{"href":"https:\/\/www.bsvalencia.com\/es\/wp-json\/wp\/v2\/pages"}],"about":[{"href":"https:\/\/www.bsvalencia.com\/es\/wp-json\/wp\/v2\/types\/page"}],"author":[{"embeddable":true,"href":"https:\/\/www.bsvalencia.com\/es\/wp-json\/wp\/v2\/users\/441"}],"replies":[{"embeddable":true,"href":"https:\/\/www.bsvalencia.com\/es\/wp-json\/wp\/v2\/comments?post=24624"}],"version-history":[{"count":71,"href":"https:\/\/www.bsvalencia.com\/es\/wp-json\/wp\/v2\/pages\/24624\/revisions"}],"predecessor-version":[{"id":69848,"href":"https:\/\/www.bsvalencia.com\/es\/wp-json\/wp\/v2\/pages\/24624\/revisions\/69848"}],"wp:attachment":[{"href":"https:\/\/www.bsvalencia.com\/es\/wp-json\/wp\/v2\/media?parent=24624"}],"curies":[{"name":"wp","href":"https:\/\/api.w.org\/{rel}","templated":true}]}}