
     {"id":10737,"date":"2021-09-15T16:40:14","date_gmt":"2021-09-15T15:40:14","guid":{"rendered":"https:\/\/www.bsvalencia.com\/school-policies\/"},"modified":"2025-10-31T11:26:56","modified_gmt":"2025-10-31T11:26:56","slug":"politicas-del-colegio","status":"publish","type":"page","link":"https:\/\/www.bsvalencia.com\/es\/politicas-del-colegio\/","title":{"rendered":"Pol\u00edticas del Colegio"},"content":{"rendered":"<div class=\"wpb-content-wrapper\"><p>[vc_row][vc_column]<section  class=\"bg-video-wrap hero section hero--centertext   \" style='background: url(https:\/\/www.bsvalencia.com\/wp-content\/uploads\/sites\/98\/2023\/05\/Fotos-BSV-157.jpg) center ;background-size:cover ;'>\n                <div class=\"bg-overlay\" style='background:#000000;opacity:0.4;'><\/div>\n                <div class=\"overlay\" >\n                  <div class=\"container-fluid\">\n                    <div class=\"row\">\n                      <div class=\"col-md-12 col-lg-12\">\n\n                        <div class=\"caption text-start\"><div class=\"component sub-heading\" >\n                              <h1 class=\"display-h1\">Pol\u00edticas del Colegio<\/h1>\n                            <\/div><\/div>\n                      <\/div>\n                    <\/div>\n                  <\/div>\n                <\/div>\n              <\/section><div class='row  m-x-0 breadcrumb-wrap ' style=''><div class='container-fluid' >\n                <nav aria-label='breadcrumb'><ol class=\"breadcrumb mt-3\">\n                  <li class=\"breadcrumb-item\"><a href=\"https:\/\/www.bsvalencia.com\/es\/\">Home<\/a><\/li>\n                  <li class=\"breadcrumb-item active\" aria-current=\"page\">Pol\u00edticas del Colegio<\/li>\n                <\/ol>\n              <\/nav>\n              <\/div>\n            <\/div>[\/vc_column][\/vc_row][vc_row][vc_column]\n            <div class=\"wrapper\">\n    <section  style='' class=\"section    container-width    \" ><div class=\"container-fluid\"><div class=\"row  justify-content-between  \"><div class=\" col-lg-6 col-md-6      \" ><div class=\"component mb-1 mt-0  radius-bottom-LR \" style='px'><div class=\"sub-heading component\"><h2  class=\"h5  \">Nuestra prioridad es la seguridad y el bienestar de nuestros alumnos<\/h2><\/div>\n                        <div class=\"sub-heading component \">\n                        <p class=\"body-medium\">Con este prop\u00f3sito, tomamos medidas para proteger la seguridad de nuestros alumnos, a sus familias y a nuestro personal. Es por ello que hemos implementado una serie de pol\u00edticas dise\u00f1adas para garantizar la protecci\u00f3n de todos nuestros alumnos as\u00ed como el cumplimiento con las leyes aplicables y las normas \u00e9ticas en todas las etapas educativas.<br \/>\n<br \/>\nHaz clic para ver\/descargar los protocolos que aplican a British School of Valencia.<\/p>\n                        <\/div><\/div><\/div>\n                    <div class=\"col-lg-5 col-md-6    \"><div class=\"component single-img \"><div class=\"ratio ratio-4x3 callout-img halfcol--img image_overlay_1553\" style=\"background-image: url(https:\/\/www.bsvalencia.com\/wp-content\/uploads\/sites\/98\/2023\/05\/BSV-260.jpg);\"><\/div><\/div> <\/div>\n             <\/div>\n        <\/div>\n<\/section>\n            <\/div>[\/vc_column][\/vc_row][vc_row][vc_column]\n    <section  style='background-image: url(https:\/\/www.bsvalencia.com\/wp-content\/uploads\/sites\/98\/2023\/05\/bsv-logo-bg-grey-v2.png);' class=\"section   section--white    section--withBG \" ><div class=\"bg-overlay\" ><\/div><div class=\"container-fluid\"><div class=\"row  justify-content-between  \"><div class=\" col-lg-6 col-md-6      \" ><div class=\"component link\"><a href=\"https:\/\/www.bsvalencia.com\/wp-content\/uploads\/sites\/98\/2025\/09\/Children-Absent-from-Education-and-Attendance-Policy-SPAIN-2025-ESP.pdf\" class=\" btn btn-link\" target=\"_blank\">Pol\u00edtica de Alumnos con Ausencias Persistentes y Asistencia<\/a><\/div><div class=\"component link\"><a href=\"https:\/\/www.bsvalencia.com\/wp-content\/uploads\/sites\/98\/2025\/09\/Anti-Bullying-Policy-SPAIN-2025-ESP.pdf\" class=\" btn btn-link\" target=\"_blank\">Pol\u00edtica Anti-Acoso<\/a><\/div><div class=\"component link\"><a href=\"https:\/\/www.bsvalencia.com\/wp-content\/uploads\/sites\/98\/2025\/09\/Behaviour-Policy-SPAIN-Sept-2025-ESP.pdf\" class=\" btn btn-link\" target=\"_blank\">Pol\u00edtica de Comportamiento<\/a><\/div><div class=\"component link\"><a href=\"https:\/\/www.bsvalencia.com\/wp-content\/uploads\/sites\/98\/2025\/09\/Curriculum-Policy-EUROPE-2025-ESP.pdf\" class=\" btn btn-link\" target=\"_blank\">Pol\u00edtica del Curr\u00edculo<\/a><\/div><div class=\"component link\"><a href=\"https:\/\/www.bsvalencia.com\/wp-content\/uploads\/sites\/98\/2025\/09\/Drug-and-Alcohol-Policy-SPAIN-Sept-2025-ESP.pdf\" class=\" btn btn-link\" target=\"_blank\">Pol\u00edtica sobre Drogas y Alcohol<\/a><\/div><div class=\"component link\"><a href=\"https:\/\/www.bsvalencia.com\/wp-content\/uploads\/sites\/98\/2025\/09\/Early-Years-Mobile-Phones-and-Devices-Policy-SPAIN-2025-ESP.pdf\" class=\" btn btn-link\" target=\"_blank\">Pol\u00edtica Educaci\u00f3n Infantil Uso de Tel\u00e9fonos, C\u00e1maras y Otros Dipositivos<\/a><\/div><div class=\"component link\"><a href=\"https:\/\/www.bsvalencia.com\/wp-content\/uploads\/sites\/98\/2025\/09\/Risk-Assessment-Policy-SPAIN-Sept-2025-ESP.pdf\" class=\" btn btn-link\" target=\"_blank\">Pol\u00edtica de Evaluacio\u0301n de Riesgo<\/a><\/div><div class=\"component link\"><a href=\"https:\/\/www.bsvalencia.com\/wp-content\/uploads\/sites\/98\/2025\/09\/Specific-Educational-Support-Needs-Policy-SPAIN-2025-ESP.pdf\" class=\" btn btn-link\" target=\"_blank\">Pol\u00edtica de Necesidades Espec\u00edficas del Apoyo en la Educaci\u00f3n<\/a><\/div><div class=\"component link\"><a href=\"https:\/\/www.bsvalencia.com\/wp-content\/uploads\/sites\/98\/2025\/09\/Preventing-Radicalisation-Policy-SPAIN-Sept-2025-ESP.pdf\" class=\" btn btn-link\" target=\"_blank\">Pol\u00edtica de Prevenci\u00f3n de la Radicalizaci\u00f3n<\/a><\/div><div class=\"component link\"><a href=\"https:\/\/www.bsvalencia.com\/wp-content\/uploads\/sites\/98\/2025\/09\/First-Aid-Policy-SPAIN-Sept-2025-ESP-1.pdf\" class=\" btn btn-link\" target=\"_blank\">Pol\u00edtica de Primeros Auxilios<\/a><\/div><div class=\"component link\"><a href=\"https:\/\/www.bsvalencia.com\/wp-content\/uploads\/sites\/98\/2025\/09\/Complaints-Procedure-SPAIN-2025-ESP-1.pdf\" class=\" btn btn-link\" target=\"_blank\">Pol\u00edtica y Procedimientos de Quejas<\/a><\/div><\/div>\n                    <div class=\"col-lg-5 col-md-6    \"><div class=\"component link\"><a href=\"https:\/\/www.bsvalencia.com\/wp-content\/uploads\/sites\/98\/2025\/09\/Safeguarding-and-Child-Protection-Policy-SPAIN-2025-2026-ESP.pdf\" class=\" btn btn-link\" target=\"_blank\">Pol\u00edtica de Protecci\u00f3n Integral del Menor<\/a><\/div><div class=\"component link\"><a href=\"https:\/\/www.bsvalencia.com\/wp-content\/uploads\/sites\/98\/2025\/09\/Cognita-Europe-Regional-IT-Policy-Sept-2025-Spain-ESP.pdf\" class=\" btn btn-link\" target=\"_blank\">Pol\u00edtica Regional de Tecnolog\u00eda de la Informaci\u00f3n (TI)<\/a><\/div><div class=\"component link\"><a href=\"https:\/\/www.bsvalencia.com\/wp-content\/uploads\/sites\/98\/2025\/10\/Health-and-Safety-Policy-SPAIN-Oct-2025-ESP.pdf\" class=\" btn btn-link\" target=\"_blank\">Pol\u00edtica de Seguridad y Salud<\/a><\/div><div class=\"component link\"><a href=\"https:\/\/www.bsvalencia.com\/wp-content\/uploads\/sites\/98\/2025\/09\/Applications-and-Admissions-Policy-SPAIN-Sept-2025-ESP.pdf\" class=\" btn btn-link\" target=\"_blank\">Pol\u00edtica de Solicitudes de Plaza y Admisiones<\/a><\/div><div class=\"component link\"><a href=\"https:\/\/www.bsvalencia.com\/wp-content\/uploads\/sites\/98\/2025\/09\/Pupil-Supervision-Lost-Missing-Children-Policy-SPAIN-2025-ESP.pdf\" class=\" btn btn-link\" target=\"_blank\">Poli\u0301tica de Supervisio\u0301n del Alumnado y Alumnado Perdido<\/a><\/div><div class=\"component link\"><a href=\"https:\/\/www.bsvalencia.com\/wp-content\/uploads\/sites\/98\/2025\/09\/Suspension-Exclusion-and-Removal-in-other-Circumstances-Policy-SPAIN-2025-ESP.pdf\" class=\" btn btn-link\" target=\"_blank\">Pol\u00edtica de Suspensi\u00f3n, Exclusi\u00f3n y Baja en Otras Circunstancias<\/a><\/div><div class=\"component link\"><a href=\"https:\/\/www.bsvalencia.com\/wp-content\/uploads\/sites\/98\/2025\/09\/Use-of-Reasonable-Force-Restrictive-Intervention-and-Restraint-Policy-SPAIN-2025-ESP.pdf\" class=\" btn btn-link\" target=\"_blank\">Pol\u00edtica de Uso de la Fuerza Razonable, Registro y Confiscaci\u00f3n<\/a><\/div><div class=\"component link\"><a href=\"https:\/\/www.bsvalencia.com\/wp-content\/uploads\/sites\/98\/2025\/09\/Educational-Visits-Policy-SPAIN-Sept-2025-ESP.pdf\" class=\" btn btn-link\" target=\"_blank\">Pol\u00edtica de Visitas Educativas<\/a><\/div><div class=\"component link\"><a href=\"\/es\/politica-de-privacidad-y-cookies\/\" class=\" btn btn-link\" target=\"_blank\">Pol\u00edtica de Privacidad y Cookies<\/a><\/div> <\/div>\n             <\/div>\n        <\/div>\n<\/section>[\/vc_column][\/vc_row][vc_row][vc_column]<section  class=\"section  wpb_animate_when_almost_visible wpb_fadeInUp fadeInUp     \" style=''><div class=\"container-fluid \" ><style>\n            .background-box .heading .h5:after {\n                display:none;\n            }\n            <\/style><div class=\"row m-0 justify-content-center pt-3 pt-md-3\"><style>\n                .thumbnail_img_overlay_5219 .heading .h5 a {\n                    font-size: 34px;\n                    line-height:34px;\n                    \n                }\n\n                .thumbnail_img_overlay_5219 .heading .h5 {\n                    font-size: 34px;\n                    line-height: 34px;\n                    \n                }\n               \n                <\/style><style>\n                .thumbnail_img_overlay_5219 .heading .h5 a {\n                    color: #ffffffpx;\n                    \n                }\n\n                .thumbnail_img_overlay_5219 .heading .h5 {\n                    color: #ffffffpx;\n                    \n                }\n               \n                <\/style><style>\n                .thumbnail_img_overlay_5219 .callout-img.leftBottom-content .img-overlay {\n                    align-items: center;\n                    display: inline-grid;\n                    text-align: center;\n                   \n                }\n\n                .thumbnail_img_overlay_5219 .background-box .heading .h5:after {\n                    left: 112px;\n                    top: 62%;\n                    }\n                    @media (max-width: 992px){\n                        .thumbnail_img_overlay_5219 .background-box .heading .h5:after {\n                            left: 41px;\n                            top: 62%;\n                            } \n                    }\n               \n                <\/style><div class=\"col-lg-3 col-md-3 col-sm-3 mb-3 pb-2\">\n                            <div class=\"card card--white tech-images next-steps-module  thumbnail_img_overlay_5219\">   <a class=\"nolinkimage\" target=\"_blank\"><div class=\"ratio ratio-21x9 callout-img halfcol--img leftBottom-content background-box\" style=\"background:#334069;\">\n                                    \n                                    <div class=\"img-overlay \">\n                                   \n                                        <div class=\"heading component\">\n                                        <h5 class=\"h5\" style=\"background:;\">Pr\u00f3ximos pasos:<\/h5>\n                                        <\/div>\n                                      \n                                   \n                                <\/div>\n                                    \n                                    <\/div><\/a>\n                            <\/div>\n                        <\/div><style>\n                .thumbnail_img_overlay_5731 .callout-img.halfcol--img .img-overlay {\n                    background: rgba(0,0,0,0.5);\n                    \n                }\n\n                .thumbnail_img_overlay_5731 .tech-images .callout-img.halfcol--img {\n                    background: rgba(0,0,0,0.5);\n                    \n                }\n\n                <\/style><style>\n                .thumbnail_img_overlay_5731 .heading .h5 {\n                    background: rgba(183,17,60,0.5);\n                    \n                }\n\n            \n\n                <\/style><style>\n                .thumbnail_img_overlay_5731 .heading .h5 a {\n                    font-size: 24px;\n                    line-height:24px;\n                    \n                }\n\n                .thumbnail_img_overlay_5731 .heading .h5 {\n                    font-size: 24px;\n                    line-height: 24px;\n                    \n                }\n               \n                <\/style><style>\n                .thumbnail_img_overlay_5731 .heading .h5 a {\n                    color: #ffffffpx;\n                    \n                }\n\n                .thumbnail_img_overlay_5731 .heading .h5 {\n                    color: #ffffffpx;\n                    \n                }\n               \n                <\/style><div class=\"col-lg-3 col-md-3 col-sm-3 mb-3 pb-2\">\n                            <div class=\"card card--white tech-images next-steps-module  thumbnail_img_overlay_5731\">   <a class=\"\" href = \"\/es\/mision-y-valores\/\" ><div class=\"ratio ratio-21x9 callout-img halfcol--img leftBottom-content\" style=\"background-image: url(https:\/\/www.bsvalencia.com\/wp-content\/uploads\/sites\/98\/2025\/01\/BSV-Home.jpg);background-position:center;\">\n                                 \n                                 <div class=\"img-overlay \">\n                                 \n                                     <div class=\"heading component\">\n                                         <h5 class=\"h5\" >Misi\u00f3n y Valores<\/h5>\n                                     <\/div>\n                                   \n                                \n                             <\/div>\n                                 \n                                 <\/div><\/a>\n                            <\/div>\n                        <\/div><style>\n                .thumbnail_img_overlay_7627 .callout-img.halfcol--img .img-overlay {\n                    background: rgba(0,0,0,0.5);\n                    \n                }\n\n                .thumbnail_img_overlay_7627 .tech-images .callout-img.halfcol--img {\n                    background: rgba(0,0,0,0.5);\n                    \n                }\n\n                <\/style><style>\n                .thumbnail_img_overlay_7627 .heading .h5 {\n                    background: rgba(183,17,60,0.5);\n                    \n                }\n\n            \n\n                <\/style><style>\n                .thumbnail_img_overlay_7627 .heading .h5 a {\n                    font-size: 24px;\n                    line-height:24px;\n                    \n                }\n\n                .thumbnail_img_overlay_7627 .heading .h5 {\n                    font-size: 24px;\n                    line-height: 24px;\n                    \n                }\n               \n                <\/style><style>\n                .thumbnail_img_overlay_7627 .heading .h5 a {\n                    color: #ffffffpx;\n                    \n                }\n\n                .thumbnail_img_overlay_7627 .heading .h5 {\n                    color: #ffffffpx;\n                    \n                }\n               \n                <\/style><div class=\"col-lg-3 col-md-3 col-sm-3 mb-3 pb-2\">\n                            <div class=\"card card--white tech-images next-steps-module  thumbnail_img_overlay_7627\">   <a class=\"\" href = \"\/es\/educacion-britanica\/\" ><div class=\"ratio ratio-21x9 callout-img halfcol--img leftBottom-content\" style=\"background-image: url(https:\/\/www.bsvalencia.com\/wp-content\/uploads\/sites\/98\/2025\/01\/BSV-Britanico.jpg);background-position:center;\">\n                                 \n                                 <div class=\"img-overlay \">\n                                 \n                                     <div class=\"heading component\">\n                                         <h5 class=\"h5\" >Educaci\u00f3n Brit\u00e1nica<\/h5>\n                                     <\/div>\n                                   \n                                \n                             <\/div>\n                                 \n                                 <\/div><\/a>\n                            <\/div>\n                        <\/div><style>\n                .thumbnail_img_overlay_3837 .callout-img.halfcol--img .img-overlay {\n                    background: rgba(0,0,0,0.5);\n                    \n                }\n\n                .thumbnail_img_overlay_3837 .tech-images .callout-img.halfcol--img {\n                    background: rgba(0,0,0,0.5);\n                    \n                }\n\n                <\/style><style>\n                .thumbnail_img_overlay_3837 .heading .h5 {\n                    background: rgba(183,17,60,0.5);\n                    \n                }\n\n            \n\n                <\/style><style>\n                .thumbnail_img_overlay_3837 .heading .h5 a {\n                    font-size: 24px;\n                    line-height:24px;\n                    \n                }\n\n                .thumbnail_img_overlay_3837 .heading .h5 {\n                    font-size: 24px;\n                    line-height: 24px;\n                    \n                }\n               \n                <\/style><style>\n                .thumbnail_img_overlay_3837 .heading .h5 a {\n                    color: #ffffffpx;\n                    \n                }\n\n                .thumbnail_img_overlay_3837 .heading .h5 {\n                    color: #ffffffpx;\n                    \n                }\n               \n                <\/style><div class=\"col-lg-3 col-md-3 col-sm-3 mb-3 pb-2\">\n                            <div class=\"card card--white tech-images next-steps-module  thumbnail_img_overlay_3837\">   <a class=\"\" href = \"\/es\/proceso-de-admision\/\" ><div class=\"ratio ratio-21x9 callout-img halfcol--img leftBottom-content\" style=\"background-image: url(https:\/\/www.bsvalencia.com\/wp-content\/uploads\/sites\/98\/2025\/01\/BSV-Admisiones-1.jpg);background-position:center;\">\n                                 \n                                 <div class=\"img-overlay \">\n                                 \n                                     <div class=\"heading component\">\n                                         <h5 class=\"h5\" >Proceso de Admisi\u00f3n<\/h5>\n                                     <\/div>\n                                   \n                                \n                             <\/div>\n                                 \n                                 <\/div><\/a>\n                            <\/div>\n                        <\/div><\/div><\/div>\n            <\/section>[\/vc_column][\/vc_row]<\/p>\n<\/div>","protected":false},"excerpt":{"rendered":"<p>[vc_row][vc_column][\/vc_column][\/vc_row][vc_row][vc_column][\/vc_column][\/vc_row][vc_row][vc_column][\/vc_column][\/vc_row][vc_row][vc_column][\/vc_column][\/vc_row]<\/p>\n","protected":false},"author":390,"featured_media":0,"parent":0,"menu_order":0,"comment_status":"closed","ping_status":"closed","template":"","meta":{"_acf_changed":false,"footnotes":""},"class_list":["post-10737","page","type-page","status-publish","hentry"],"acf":[],"yoast_head":"<!-- This site is optimized with the Yoast SEO plugin v26.5 - https:\/\/yoast.com\/wordpress\/plugins\/seo\/ -->\n<title>Pol\u00edticas del Colgeio - British School of Valencia<\/title>\n<meta name=\"description\" content=\"Tomamos medidas para proteger la seguridad de todos los estudiantes, padres y miembros del personal. Descubra nuestras pol\u00edticas y pautas.\" \/>\n<meta name=\"robots\" content=\"index, follow, max-snippet:-1, max-image-preview:large, max-video-preview:-1\" \/>\n<link rel=\"canonical\" href=\"https:\/\/www.bsvalencia.com\/es\/politicas-del-colegio\/\" \/>\n<meta property=\"og:locale\" content=\"es_ES\" \/>\n<meta property=\"og:type\" content=\"article\" \/>\n<meta property=\"og:title\" content=\"Pol\u00edticas del Colgeio - British School of Valencia\" \/>\n<meta property=\"og:description\" content=\"Tomamos medidas para proteger la seguridad de todos los estudiantes, padres y miembros del personal. Descubra nuestras pol\u00edticas y pautas.\" \/>\n<meta property=\"og:url\" content=\"https:\/\/www.bsvalencia.com\/es\/politicas-del-colegio\/\" \/>\n<meta property=\"og:site_name\" content=\"British School of Valencia\" \/>\n<meta property=\"article:publisher\" content=\"https:\/\/www.facebook.com\/britishschoolvalencia\" \/>\n<meta property=\"article:modified_time\" content=\"2025-10-31T11:26:56+00:00\" \/>\n<meta property=\"og:image\" content=\"https:\/\/www.bsvalencia.com\/wp-content\/uploads\/sites\/98\/2023\/03\/bsv-logo.png\" \/>\n\t<meta property=\"og:image:width\" content=\"261\" \/>\n\t<meta property=\"og:image:height\" content=\"99\" \/>\n\t<meta property=\"og:image:type\" content=\"image\/png\" \/>\n<meta name=\"twitter:card\" content=\"summary_large_image\" \/>\n<meta name=\"twitter:site\" content=\"@BritishValencia\" \/>\n<meta name=\"twitter:label1\" content=\"Tiempo de lectura\" \/>\n\t<meta name=\"twitter:data1\" content=\"1 minuto\" \/>\n<!-- \/ Yoast SEO plugin. -->","yoast_head_json":{"title":"Pol\u00edticas del Colgeio - British School of Valencia","description":"Tomamos medidas para proteger la seguridad de todos los estudiantes, padres y miembros del personal. Descubra nuestras pol\u00edticas y pautas.","robots":{"index":"index","follow":"follow","max-snippet":"max-snippet:-1","max-image-preview":"max-image-preview:large","max-video-preview":"max-video-preview:-1"},"canonical":"https:\/\/www.bsvalencia.com\/es\/politicas-del-colegio\/","og_locale":"es_ES","og_type":"article","og_title":"Pol\u00edticas del Colgeio - British School of Valencia","og_description":"Tomamos medidas para proteger la seguridad de todos los estudiantes, padres y miembros del personal. Descubra nuestras pol\u00edticas y pautas.","og_url":"https:\/\/www.bsvalencia.com\/es\/politicas-del-colegio\/","og_site_name":"British School of Valencia","article_publisher":"https:\/\/www.facebook.com\/britishschoolvalencia","article_modified_time":"2025-10-31T11:26:56+00:00","og_image":[{"width":261,"height":99,"url":"https:\/\/www.bsvalencia.com\/wp-content\/uploads\/sites\/98\/2023\/03\/bsv-logo.png","type":"image\/png"}],"twitter_card":"summary_large_image","twitter_site":"@BritishValencia","twitter_misc":{"Tiempo de lectura":"1 minuto"},"schema":{"@context":"https:\/\/schema.org","@graph":[{"@type":"WebPage","@id":"https:\/\/www.bsvalencia.com\/es\/politicas-del-colegio\/","url":"https:\/\/www.bsvalencia.com\/es\/politicas-del-colegio\/","name":"Pol\u00edticas del Colgeio - British School of Valencia","isPartOf":{"@id":"https:\/\/www.bsvalencia.com\/es\/#website"},"datePublished":"2021-09-15T15:40:14+00:00","dateModified":"2025-10-31T11:26:56+00:00","description":"Tomamos medidas para proteger la seguridad de todos los estudiantes, padres y miembros del personal. Descubra nuestras pol\u00edticas y pautas.","breadcrumb":{"@id":"https:\/\/www.bsvalencia.com\/es\/politicas-del-colegio\/#breadcrumb"},"inLanguage":"es","potentialAction":[{"@type":"ReadAction","target":["https:\/\/www.bsvalencia.com\/es\/politicas-del-colegio\/"]}]},{"@type":"BreadcrumbList","@id":"https:\/\/www.bsvalencia.com\/es\/politicas-del-colegio\/#breadcrumb","itemListElement":[{"@type":"ListItem","position":1,"name":"Home","item":"https:\/\/www.bsvalencia.com\/es\/"},{"@type":"ListItem","position":2,"name":"Pol\u00edticas del Colegio"}]},{"@type":"WebSite","@id":"https:\/\/www.bsvalencia.com\/es\/#website","url":"https:\/\/www.bsvalencia.com\/es\/","name":"British School of Valencia","description":"British School of Valencia (BSV) is a British teaching institution located in the centre of the city of Valencia, founded in 1992.","publisher":{"@id":"https:\/\/www.bsvalencia.com\/es\/#organization"},"alternateName":"BSV","potentialAction":[{"@type":"SearchAction","target":{"@type":"EntryPoint","urlTemplate":"https:\/\/www.bsvalencia.com\/es\/?s={search_term_string}"},"query-input":{"@type":"PropertyValueSpecification","valueRequired":true,"valueName":"search_term_string"}}],"inLanguage":"es"},{"@type":"Organization","@id":"https:\/\/www.bsvalencia.com\/es\/#organization","name":"British School of Valencia","alternateName":"BSV","url":"https:\/\/www.bsvalencia.com\/es\/","logo":{"@type":"ImageObject","inLanguage":"es","@id":"https:\/\/www.bsvalencia.com\/es\/#\/schema\/logo\/image\/","url":"https:\/\/www.bsvalencia.com\/wp-content\/uploads\/sites\/98\/2023\/03\/bsv-favicon.png","contentUrl":"https:\/\/www.bsvalencia.com\/wp-content\/uploads\/sites\/98\/2023\/03\/bsv-favicon.png","width":500,"height":500,"caption":"British School of Valencia"},"image":{"@id":"https:\/\/www.bsvalencia.com\/es\/#\/schema\/logo\/image\/"},"sameAs":["https:\/\/www.facebook.com\/britishschoolvalencia","https:\/\/x.com\/BritishValencia","https:\/\/www.instagram.com\/britishschoolofvalencia\/","https:\/\/www.youtube.com\/channel\/UC9s-V5kZbJEEmBVugS7crzQ","https:\/\/www.linkedin.com\/company\/bsvalencia\/"]}]}},"jetpack_sharing_enabled":true,"_links":{"self":[{"href":"https:\/\/www.bsvalencia.com\/es\/wp-json\/wp\/v2\/pages\/10737","targetHints":{"allow":["GET"]}}],"collection":[{"href":"https:\/\/www.bsvalencia.com\/es\/wp-json\/wp\/v2\/pages"}],"about":[{"href":"https:\/\/www.bsvalencia.com\/es\/wp-json\/wp\/v2\/types\/page"}],"author":[{"embeddable":true,"href":"https:\/\/www.bsvalencia.com\/es\/wp-json\/wp\/v2\/users\/390"}],"replies":[{"embeddable":true,"href":"https:\/\/www.bsvalencia.com\/es\/wp-json\/wp\/v2\/comments?post=10737"}],"version-history":[{"count":92,"href":"https:\/\/www.bsvalencia.com\/es\/wp-json\/wp\/v2\/pages\/10737\/revisions"}],"predecessor-version":[{"id":71215,"href":"https:\/\/www.bsvalencia.com\/es\/wp-json\/wp\/v2\/pages\/10737\/revisions\/71215"}],"wp:attachment":[{"href":"https:\/\/www.bsvalencia.com\/es\/wp-json\/wp\/v2\/media?parent=10737"}],"curies":[{"name":"wp","href":"https:\/\/api.w.org\/{rel}","templated":true}]}}