
     {"id":10729,"date":"2021-09-14T14:36:43","date_gmt":"2021-09-14T13:36:43","guid":{"rendered":"https:\/\/www.bsvalencia.com\/transport-to-school\/"},"modified":"2026-02-09T10:51:13","modified_gmt":"2026-02-09T10:51:13","slug":"transporte","status":"publish","type":"page","link":"https:\/\/www.bsvalencia.com\/es\/transporte\/","title":{"rendered":"Transporte"},"content":{"rendered":"<div class=\"wpb-content-wrapper\"><p>[vc_row][vc_column]<section  class=\"bg-video-wrap hero section hero--centertext   \" style='background: url(https:\/\/www.bsvalencia.com\/wp-content\/uploads\/sites\/98\/2026\/02\/Header-Autobus.jpg) center ;background-size:cover ;'>\n                <div class=\"bg-overlay\" style='background:#000000;opacity:0.4;'><\/div>\n                <div class=\"overlay\" >\n                  <div class=\"container-fluid\">\n                    <div class=\"row\">\n                      <div class=\"col-md-12 col-lg-12\">\n\n                        <div class=\"caption text-start\"><div class=\"component sub-heading\" >\n                              <h1 class=\"display-h1\">Transporte<\/h1>\n                            <\/div><\/div>\n                      <\/div>\n                    <\/div>\n                  <\/div>\n                <\/div>\n              <\/section><div class='row  m-x-0 breadcrumb-wrap ' style=''><div class='container-fluid' >\n                <nav aria-label='breadcrumb'><ol class=\"breadcrumb mt-3\">\n                  <li class=\"breadcrumb-item\"><a href=\"https:\/\/www.bsvalencia.com\/es\/\">Home<\/a><\/li>\n                  <li class=\"breadcrumb-item active\" aria-current=\"page\">Transporte<\/li>\n                <\/ol>\n              <\/nav>\n              <\/div>\n            <\/div>[\/vc_column][\/vc_row][vc_row][vc_column]\n            <div class=\"wrapper\">\n    <section  style='' class=\"section    container-width    \" ><div class=\"container-fluid\"><div class=\"row  justify-content-between  \"><div class=\" col-lg-6 col-md-6      \" ><div class=\"component mb-1 mt-0  radius-bottom-LR \" style='px'><div class=\"sub-heading component\"><h2  class=\"h5  \">Un servicio flexible y seguro<\/h2><\/div>\n                        <div class=\"sub-heading component \">\n                        <p class=\"body-medium\">El colegio pone a disposici\u00f3n de todas las familias que lo requieran un servicio de transporte que cubre tanto el \u00e1rea metropolitana de Valencia como los pueblos de la periferia.<br \/>\n<br \/>\nEste servicio se suele solicitar por las familias antes del inicio del curso escolar con el fin de cubrir las necesidades de cada alumno haciendo que el desplazamiento al colegio se realice de la forma m\u00e1s segura y c\u00f3moda posible.<br \/>\n<br \/>\nBSV dispone de un sistema de geolocalizaci\u00f3n y de seguimiento en tiempo real durante las rutas denominado <i>Bus Tracker<\/i> de <i>BatOnRoute<\/i>. Gracias a esta herramienta las familias disponen de una aplicaci\u00f3n m\u00f3vil que les permite ver las rutas activas, seleccionar rutas de ma\u00f1ana y\/o tarde o comunicar posibles ausencias. <br \/>\n<br \/>\nTambi\u00e9n pretendemos aumentar la flexibilidad del servicio ofreciendo la posibilidad de utilizar los autobuses de forma permanente o solo por las ma\u00f1anas o las tardes, o incluso determinados d\u00edas de la semana, en funci\u00f3n de las necesidades del alumno.<\/p>\n                        <\/div><\/div><\/div>\n                    <div class=\"col-lg-5 col-md-6    \"><div class=\"component single-img \"><div class=\"ratio ratio-4x3 callout-img halfcol--img image_overlay_9716\" style=\"background-image: url(https:\/\/www.bsvalencia.com\/wp-content\/uploads\/sites\/98\/2025\/01\/BSV-Transport.jpg);\"><\/div><\/div> <\/div>\n             <\/div>\n        <\/div>\n<\/section>\n            <\/div>[\/vc_column][\/vc_row][vc_row][vc_column]<section  class=\"section  wpb_animate_when_almost_visible wpb_fadeInUp fadeInUp     section--blue\" style='background-color:#f0f2f1;'><div class=\"container-fluid section--blue\" style='background-color:#f0f2f1'><style>\n            .background-box .heading .h5:after {\n                display:none;\n            }\n            <\/style><div class=\"row m-0 justify-content-center pt-3 pt-md-3\"><style>\n                .thumbnail_img_overlay_1423 .heading .h5 a {\n                    font-size: 34px;\n                    line-height:34px;\n                    \n                }\n\n                .thumbnail_img_overlay_1423 .heading .h5 {\n                    font-size: 34px;\n                    line-height: 34px;\n                    \n                }\n               \n                <\/style><style>\n                .thumbnail_img_overlay_1423 .heading .h5 a {\n                    color: #ffffffpx;\n                    \n                }\n\n                .thumbnail_img_overlay_1423 .heading .h5 {\n                    color: #ffffffpx;\n                    \n                }\n               \n                <\/style><style>\n                .thumbnail_img_overlay_1423 .callout-img.leftBottom-content .img-overlay {\n                    align-items: center;\n                    display: inline-grid;\n                    text-align: center;\n                   \n                }\n\n                .thumbnail_img_overlay_1423 .background-box .heading .h5:after {\n                    left: 112px;\n                    top: 62%;\n                    }\n                    @media (max-width: 992px){\n                        .thumbnail_img_overlay_1423 .background-box .heading .h5:after {\n                            left: 41px;\n                            top: 62%;\n                            } \n                    }\n               \n                <\/style><div class=\"col-lg-3 col-md-3 col-sm-3 mb-3 pb-2\">\n                            <div class=\"card card--white tech-images next-steps-module  thumbnail_img_overlay_1423\">   <a class=\"nolinkimage\" target=\"_blank\"><div class=\"ratio ratio-21x9 callout-img halfcol--img leftBottom-content background-box\" style=\"background:#334069;\">\n                                    \n                                    <div class=\"img-overlay \">\n                                   \n                                        <div class=\"heading component\">\n                                        <h5 class=\"h5\" style=\"background:;\">Pr\u00f3ximos pasos:<\/h5>\n                                        <\/div>\n                                      \n                                   \n                                <\/div>\n                                    \n                                    <\/div><\/a>\n                            <\/div>\n                        <\/div><style>\n                .thumbnail_img_overlay_4809 .callout-img.halfcol--img .img-overlay {\n                    background: rgba(0,0,0,0.5);\n                    \n                }\n\n                .thumbnail_img_overlay_4809 .tech-images .callout-img.halfcol--img {\n                    background: rgba(0,0,0,0.5);\n                    \n                }\n\n                <\/style><style>\n                .thumbnail_img_overlay_4809 .heading .h5 {\n                    background: rgba(183,17,60,0.5);\n                    \n                }\n\n            \n\n                <\/style><style>\n                .thumbnail_img_overlay_4809 .heading .h5 a {\n                    font-size: 24px;\n                    line-height:24px;\n                    \n                }\n\n                .thumbnail_img_overlay_4809 .heading .h5 {\n                    font-size: 24px;\n                    line-height: 24px;\n                    \n                }\n               \n                <\/style><style>\n                .thumbnail_img_overlay_4809 .heading .h5 a {\n                    color: #ffffffpx;\n                    \n                }\n\n                .thumbnail_img_overlay_4809 .heading .h5 {\n                    color: #ffffffpx;\n                    \n                }\n               \n                <\/style><div class=\"col-lg-3 col-md-3 col-sm-3 mb-3 pb-2\">\n                            <div class=\"card card--white tech-images next-steps-module  thumbnail_img_overlay_4809\">   <a class=\"\" href = \"\/es\/mision-y-valores\/\" ><div class=\"ratio ratio-21x9 callout-img halfcol--img leftBottom-content\" style=\"background-image: url(https:\/\/www.bsvalencia.com\/wp-content\/uploads\/sites\/98\/2025\/01\/BSV-Home.jpg);background-position:center;\">\n                                 \n                                 <div class=\"img-overlay \">\n                                 \n                                     <div class=\"heading component\">\n                                         <h5 class=\"h5\" >Misi\u00f3n y Valores<\/h5>\n                                     <\/div>\n                                   \n                                \n                             <\/div>\n                                 \n                                 <\/div><\/a>\n                            <\/div>\n                        <\/div><style>\n                .thumbnail_img_overlay_1270 .callout-img.halfcol--img .img-overlay {\n                    background: rgba(0,0,0,0.5);\n                    \n                }\n\n                .thumbnail_img_overlay_1270 .tech-images .callout-img.halfcol--img {\n                    background: rgba(0,0,0,0.5);\n                    \n                }\n\n                <\/style><style>\n                .thumbnail_img_overlay_1270 .heading .h5 {\n                    background: rgba(183,17,60,0.5);\n                    \n                }\n\n            \n\n                <\/style><style>\n                .thumbnail_img_overlay_1270 .heading .h5 a {\n                    font-size: 24px;\n                    line-height:24px;\n                    \n                }\n\n                .thumbnail_img_overlay_1270 .heading .h5 {\n                    font-size: 24px;\n                    line-height: 24px;\n                    \n                }\n               \n                <\/style><style>\n                .thumbnail_img_overlay_1270 .heading .h5 a {\n                    color: #ffffffpx;\n                    \n                }\n\n                .thumbnail_img_overlay_1270 .heading .h5 {\n                    color: #ffffffpx;\n                    \n                }\n               \n                <\/style><div class=\"col-lg-3 col-md-3 col-sm-3 mb-3 pb-2\">\n                            <div class=\"card card--white tech-images next-steps-module  thumbnail_img_overlay_1270\">   <a class=\"\" href = \"\/es\/educacion-britanica\/\" ><div class=\"ratio ratio-21x9 callout-img halfcol--img leftBottom-content\" style=\"background-image: url(https:\/\/www.bsvalencia.com\/wp-content\/uploads\/sites\/98\/2025\/01\/BSV-Britanico.jpg);background-position:center;\">\n                                 \n                                 <div class=\"img-overlay \">\n                                 \n                                     <div class=\"heading component\">\n                                         <h5 class=\"h5\" >Educaci\u00f3n Brit\u00e1nica<\/h5>\n                                     <\/div>\n                                   \n                                \n                             <\/div>\n                                 \n                                 <\/div><\/a>\n                            <\/div>\n                        <\/div><style>\n                .thumbnail_img_overlay_1539 .callout-img.halfcol--img .img-overlay {\n                    background: rgba(0,0,0,0.5);\n                    \n                }\n\n                .thumbnail_img_overlay_1539 .tech-images .callout-img.halfcol--img {\n                    background: rgba(0,0,0,0.5);\n                    \n                }\n\n                <\/style><style>\n                .thumbnail_img_overlay_1539 .heading .h5 {\n                    background: rgba(183,17,60,0.5);\n                    \n                }\n\n            \n\n                <\/style><style>\n                .thumbnail_img_overlay_1539 .heading .h5 a {\n                    font-size: 24px;\n                    line-height:24px;\n                    \n                }\n\n                .thumbnail_img_overlay_1539 .heading .h5 {\n                    font-size: 24px;\n                    line-height: 24px;\n                    \n                }\n               \n                <\/style><style>\n                .thumbnail_img_overlay_1539 .heading .h5 a {\n                    color: #ffffffpx;\n                    \n                }\n\n                .thumbnail_img_overlay_1539 .heading .h5 {\n                    color: #ffffffpx;\n                    \n                }\n               \n                <\/style><div class=\"col-lg-3 col-md-3 col-sm-3 mb-3 pb-2\">\n                            <div class=\"card card--white tech-images next-steps-module  thumbnail_img_overlay_1539\">   <a class=\"\" href = \"\/es\/proceso-de-admision\/\" ><div class=\"ratio ratio-21x9 callout-img halfcol--img leftBottom-content\" style=\"background-image: url(https:\/\/www.bsvalencia.com\/wp-content\/uploads\/sites\/98\/2025\/01\/BSV-Admisiones-1.jpg);background-position:center;\">\n                                 \n                                 <div class=\"img-overlay \">\n                                 \n                                     <div class=\"heading component\">\n                                         <h5 class=\"h5\" >Proceso de Admisi\u00f3n<\/h5>\n                                     <\/div>\n                                   \n                                \n                             <\/div>\n                                 \n                                 <\/div><\/a>\n                            <\/div>\n                        <\/div><\/div><\/div>\n            <\/section>[\/vc_column][\/vc_row]<\/p>\n<\/div>","protected":false},"excerpt":{"rendered":"<p>[vc_row][vc_column][\/vc_column][\/vc_row][vc_row][vc_column][\/vc_column][\/vc_row][vc_row][vc_column][\/vc_column][\/vc_row]<\/p>\n","protected":false},"author":390,"featured_media":0,"parent":0,"menu_order":0,"comment_status":"closed","ping_status":"closed","template":"","meta":{"_acf_changed":false,"footnotes":""},"class_list":["post-10729","page","type-page","status-publish","hentry"],"acf":[],"yoast_head":"<!-- This site is optimized with the Yoast SEO plugin v26.5 - https:\/\/yoast.com\/wordpress\/plugins\/seo\/ -->\n<title>Servicio de Transporte Escolar - British School of Valencia<\/title>\n<meta name=\"description\" content=\"Servicio de transporte escolar disponible para las familias del \u00e1rea metropolitana de Valencia, as\u00ed como para ciudades y pueblos perif\u00e9ricos.\" \/>\n<meta name=\"robots\" content=\"index, follow, max-snippet:-1, max-image-preview:large, max-video-preview:-1\" \/>\n<link rel=\"canonical\" href=\"https:\/\/www.bsvalencia.com\/es\/transporte\/\" \/>\n<meta property=\"og:locale\" content=\"es_ES\" \/>\n<meta property=\"og:type\" content=\"article\" \/>\n<meta property=\"og:title\" content=\"Servicio de Transporte Escolar - British School of Valencia\" \/>\n<meta property=\"og:description\" content=\"Servicio de transporte escolar disponible para las familias del \u00e1rea metropolitana de Valencia, as\u00ed como para ciudades y pueblos perif\u00e9ricos.\" \/>\n<meta property=\"og:url\" content=\"https:\/\/www.bsvalencia.com\/es\/transporte\/\" \/>\n<meta property=\"og:site_name\" content=\"British School of Valencia\" \/>\n<meta property=\"article:publisher\" content=\"https:\/\/www.facebook.com\/britishschoolvalencia\" \/>\n<meta property=\"article:modified_time\" content=\"2026-02-09T10:51:13+00:00\" \/>\n<meta property=\"og:image\" content=\"https:\/\/www.bsvalencia.com\/wp-content\/uploads\/sites\/98\/2023\/03\/bsv-logo.png\" \/>\n\t<meta property=\"og:image:width\" content=\"261\" \/>\n\t<meta property=\"og:image:height\" content=\"99\" \/>\n\t<meta property=\"og:image:type\" content=\"image\/png\" \/>\n<meta name=\"twitter:card\" content=\"summary_large_image\" \/>\n<meta name=\"twitter:site\" content=\"@BritishValencia\" \/>\n<meta name=\"twitter:label1\" content=\"Tiempo de lectura\" \/>\n\t<meta name=\"twitter:data1\" content=\"1 minuto\" \/>\n<!-- \/ Yoast SEO plugin. -->","yoast_head_json":{"title":"Servicio de Transporte Escolar - British School of Valencia","description":"Servicio de transporte escolar disponible para las familias del \u00e1rea metropolitana de Valencia, as\u00ed como para ciudades y pueblos perif\u00e9ricos.","robots":{"index":"index","follow":"follow","max-snippet":"max-snippet:-1","max-image-preview":"max-image-preview:large","max-video-preview":"max-video-preview:-1"},"canonical":"https:\/\/www.bsvalencia.com\/es\/transporte\/","og_locale":"es_ES","og_type":"article","og_title":"Servicio de Transporte Escolar - British School of Valencia","og_description":"Servicio de transporte escolar disponible para las familias del \u00e1rea metropolitana de Valencia, as\u00ed como para ciudades y pueblos perif\u00e9ricos.","og_url":"https:\/\/www.bsvalencia.com\/es\/transporte\/","og_site_name":"British School of Valencia","article_publisher":"https:\/\/www.facebook.com\/britishschoolvalencia","article_modified_time":"2026-02-09T10:51:13+00:00","og_image":[{"width":261,"height":99,"url":"https:\/\/www.bsvalencia.com\/wp-content\/uploads\/sites\/98\/2023\/03\/bsv-logo.png","type":"image\/png"}],"twitter_card":"summary_large_image","twitter_site":"@BritishValencia","twitter_misc":{"Tiempo de lectura":"1 minuto"},"schema":{"@context":"https:\/\/schema.org","@graph":[{"@type":"WebPage","@id":"https:\/\/www.bsvalencia.com\/es\/transporte\/","url":"https:\/\/www.bsvalencia.com\/es\/transporte\/","name":"Servicio de Transporte Escolar - British School of Valencia","isPartOf":{"@id":"https:\/\/www.bsvalencia.com\/es\/#website"},"datePublished":"2021-09-14T13:36:43+00:00","dateModified":"2026-02-09T10:51:13+00:00","description":"Servicio de transporte escolar disponible para las familias del \u00e1rea metropolitana de Valencia, as\u00ed como para ciudades y pueblos perif\u00e9ricos.","breadcrumb":{"@id":"https:\/\/www.bsvalencia.com\/es\/transporte\/#breadcrumb"},"inLanguage":"es","potentialAction":[{"@type":"ReadAction","target":["https:\/\/www.bsvalencia.com\/es\/transporte\/"]}]},{"@type":"BreadcrumbList","@id":"https:\/\/www.bsvalencia.com\/es\/transporte\/#breadcrumb","itemListElement":[{"@type":"ListItem","position":1,"name":"Home","item":"https:\/\/www.bsvalencia.com\/es\/"},{"@type":"ListItem","position":2,"name":"Transporte"}]},{"@type":"WebSite","@id":"https:\/\/www.bsvalencia.com\/es\/#website","url":"https:\/\/www.bsvalencia.com\/es\/","name":"British School of Valencia","description":"British School of Valencia (BSV) is a British teaching institution located in the centre of the city of Valencia, founded in 1992.","publisher":{"@id":"https:\/\/www.bsvalencia.com\/es\/#organization"},"alternateName":"BSV","potentialAction":[{"@type":"SearchAction","target":{"@type":"EntryPoint","urlTemplate":"https:\/\/www.bsvalencia.com\/es\/?s={search_term_string}"},"query-input":{"@type":"PropertyValueSpecification","valueRequired":true,"valueName":"search_term_string"}}],"inLanguage":"es"},{"@type":"Organization","@id":"https:\/\/www.bsvalencia.com\/es\/#organization","name":"British School of Valencia","alternateName":"BSV","url":"https:\/\/www.bsvalencia.com\/es\/","logo":{"@type":"ImageObject","inLanguage":"es","@id":"https:\/\/www.bsvalencia.com\/es\/#\/schema\/logo\/image\/","url":"https:\/\/www.bsvalencia.com\/wp-content\/uploads\/sites\/98\/2023\/03\/bsv-favicon.png","contentUrl":"https:\/\/www.bsvalencia.com\/wp-content\/uploads\/sites\/98\/2023\/03\/bsv-favicon.png","width":500,"height":500,"caption":"British School of Valencia"},"image":{"@id":"https:\/\/www.bsvalencia.com\/es\/#\/schema\/logo\/image\/"},"sameAs":["https:\/\/www.facebook.com\/britishschoolvalencia","https:\/\/x.com\/BritishValencia","https:\/\/www.instagram.com\/britishschoolofvalencia\/","https:\/\/www.youtube.com\/channel\/UC9s-V5kZbJEEmBVugS7crzQ","https:\/\/www.linkedin.com\/company\/bsvalencia\/"]}]}},"jetpack_sharing_enabled":true,"_links":{"self":[{"href":"https:\/\/www.bsvalencia.com\/es\/wp-json\/wp\/v2\/pages\/10729","targetHints":{"allow":["GET"]}}],"collection":[{"href":"https:\/\/www.bsvalencia.com\/es\/wp-json\/wp\/v2\/pages"}],"about":[{"href":"https:\/\/www.bsvalencia.com\/es\/wp-json\/wp\/v2\/types\/page"}],"author":[{"embeddable":true,"href":"https:\/\/www.bsvalencia.com\/es\/wp-json\/wp\/v2\/users\/390"}],"replies":[{"embeddable":true,"href":"https:\/\/www.bsvalencia.com\/es\/wp-json\/wp\/v2\/comments?post=10729"}],"version-history":[{"count":50,"href":"https:\/\/www.bsvalencia.com\/es\/wp-json\/wp\/v2\/pages\/10729\/revisions"}],"predecessor-version":[{"id":71455,"href":"https:\/\/www.bsvalencia.com\/es\/wp-json\/wp\/v2\/pages\/10729\/revisions\/71455"}],"wp:attachment":[{"href":"https:\/\/www.bsvalencia.com\/es\/wp-json\/wp\/v2\/media?parent=10729"}],"curies":[{"name":"wp","href":"https:\/\/api.w.org\/{rel}","templated":true}]}}