
     {"id":10620,"date":"2021-09-14T07:29:21","date_gmt":"2021-09-14T06:29:21","guid":{"rendered":"https:\/\/www.bsvalencia.com\/university-and-beyond\/"},"modified":"2025-02-05T07:52:46","modified_gmt":"2025-02-05T07:52:46","slug":"comunidad-bsv","status":"publish","type":"page","link":"https:\/\/www.bsvalencia.com\/es\/comunidad-bsv\/","title":{"rendered":"Comunidad BSV"},"content":{"rendered":"<div class=\"wpb-content-wrapper\"><p>[vc_row][vc_column]<section  class=\"bg-video-wrap hero section hero--centertext   \" style='background: url(https:\/\/www.bsvalencia.com\/wp-content\/uploads\/sites\/98\/2025\/01\/BSV-Comunidad.jpg) center ;background-size:cover ;'>\n                <div class=\"bg-overlay\" style='background:#000000;opacity:0.4;'><\/div>\n                <div class=\"overlay\" >\n                  <div class=\"container-fluid\">\n                    <div class=\"row\">\n                      <div class=\"col-md-12 col-lg-12\">\n\n                        <div class=\"caption text-start\"><div class=\"component sub-heading\" >\n                              <h1 class=\"display-h1\">Comunidad BSV<\/h1>\n                            <\/div><\/div>\n                      <\/div>\n                    <\/div>\n                  <\/div>\n                <\/div>\n              <\/section><div class='row  m-x-0 breadcrumb-wrap ' style=''><div class='container-fluid' >\n                <nav aria-label='breadcrumb'><ol class=\"breadcrumb mt-3\">\n                  <li class=\"breadcrumb-item\"><a href=\"https:\/\/www.bsvalencia.com\/es\/\">Home<\/a><\/li>\n                  <li class=\"breadcrumb-item active\" aria-current=\"page\">Comunidad BSV<\/li>\n                <\/ol>\n              <\/nav>\n              <\/div>\n            <\/div>[\/vc_column][\/vc_row][vc_row][vc_column]\n            <div class=\"wrapper\">\n    <section  style='' class=\"section    container-width    \" ><div class=\"container-fluid\"><div class=\"row  justify-content-between  \"><div class=\" col-lg-6 col-md-6      \" ><div class=\"component mb-1 mt-0  radius-bottom-LR \" style='px'><div class=\"sub-heading component\"><h2  class=\"h5  \">Creando un sentimiento de comunidad<\/h2><\/div>\n                        <div class=\"sub-heading component \">\n                        <p class=\"body-medium\">Es muy importante que nuestros alumnos se sientan parte de la comunidad que hemos construido a lo largo de los a\u00f1os. De este modo fomentamos un sentimiento de pertenencia e identidad a trav\u00e9s de un entorno de aprendizaje enriquecedor en el que se prioriza la colaboraci\u00f3n, el compromiso y la empat\u00eda haciendo que todos se sientan valorados y comprendidos.<br \/>\n<br \/>\nNuestros alumnos consiguen desarrollar habilidades sociales y construir relaciones sanas dentro de la comunidad escolar tanto con sus profesores como con sus compa\u00f1eros. Creemos firmemente que una comunidad positiva y c\u00e1lida puede inspirar a los alumnos a esforzarse por alcanzar la excelencia acad\u00e9mica.<br \/>\n<br \/>\nEl compromiso de nuestras familias tambi\u00e9n es una parte esencial de nuestro proyecto educativo. Las familias participan activamente en las actividades y eventos organizados por el colegio y esta colaboraci\u00f3n refuerza la experiencia educativa favoreciendo ese v\u00ednculo entre el hogar y el colegio algo que repercute positivamente en el progreso acad\u00e9mico de los alumnos.<\/p>\n                        <\/div><\/div><\/div>\n                    <div class=\"col-lg-5 col-md-6    \"><div class=\"component IconWithText-list\">\n                    <div class=\"card\"><div class=\"card-header section--blue\" style='background-color:#334069;px'>\n                            <div class=\"sub-heading component mb-0\">\n                                <p class=\"body-medium\">Ver m\u00e1s:<\/p>\n                            <\/div>\n                        <\/div><div class=\"card-body section--white\">\n                            <div class=\"component list list--IconWithText-list bordered--icon blue-icon\">\n                                <ul><li><div class=\"component link\"><a href=\"#conoce-a-nuestros-profesores\" class=\" btn btn-link\">Conoce a nuestros profesores<\/a><\/div><\/li><li><div class=\"component link\"><a href=\"#conoce-a-nuestras-familias\" class=\" btn btn-link\">Conoce a nuestras familias<\/a><\/div><\/li>              <\/ul>\n                            <\/div>\n                    <\/div>  <\/div>\n            <\/div> <\/div>\n             <\/div>\n        <\/div>\n<\/section>\n            <\/div>[\/vc_column][\/vc_row][vc_row css=&#8221;.vc_custom_1684916745035{background-image: url(https:\/\/www.bsvalencia.com\/wp-content\/uploads\/sites\/98\/2023\/03\/bsv-logo-bg-test-4.png?id=64272) !important;background-position: center !important;background-repeat: no-repeat !important;background-size: cover !important;}&#8221;][vc_column]<section  id=\"conoce-a-nuestros-profesores\"  style='' class=\"section   section--blue   \"><div class=\"container-fluid\"><div class=\"row m-0 align-items-center centerText \" >\n                        <div class=\"col-sm-12 col-md-10 col-lg-9 mx-auto\"><div class=\"sub-heading component\">\n                                        <h2 class=\"h5\">Conoce a nuestros profesores<\/h2>\n                                    <\/div><div class=\"sub-heading component\"><p>Sin duda, nuestros profesores son el mayor valor de BSV junto a nuestros alumnos. No solo se centran en la parte acad\u00e9mica, sino que tambi\u00e9n se ocupan del crecimiento personal y el bienestar de sus estudiantes.<\/p>\n<\/div><style>\n                        .flex-button {\n                        margin-top: 25px;\n                    } \n                        \n                    @media (max-width: 767px){\n                     .flex-button {\n                      display: block;\n                      margin-left: 0;\n                    }\n                    .flex-button .text-center{\n                     text-align: left !important;\n                    }\n                    }\n\n\n                        <\/style><\/div><\/div><\/section><section  class=\"section    pt-0  \" style=\"\"\"><div class=\"container-fluid\">\n                                        <div class=\"row m-0\"><div class=\"col-md-12 col-lg-12 pe-auto mb-0 ratio ratio-16x9\">\n                                            <iframe v-title=\"Nuestros profesores\" id=\"video-5762\" class=\"callout__iframe\" style=\"width:100%; max-width:100%; opacity:1; height:100%;\" src=\"https:\/\/www.youtube.com\/embed\/OgtUBdF-NUA\" frameborder=\"0\" allowfullscreen allow=\"xr-spatial-tracking\" aria-label=\"Nuestros profesores\"><\/iframe>\n                                               \n                                            <\/div>\n                                            <div class=\"col-md-12 col-lg-12 p-0\">\n                                            <figcaption>Nuestros profesores<\/figcaption><\/div>\n                                        <\/div>\n                                    <\/div>\n                                <\/section>[\/vc_column][\/vc_row][vc_row][vc_column]<section  id=\"conoce-a-nuestras-familias\"  style='' class=\"section      \"><div class=\"container-fluid\"><div class=\"row m-0 align-items-center centerText \" >\n                        <div class=\"col-sm-12 col-md-10 col-lg-9 mx-auto\"><div class=\"sub-heading component\">\n                                        <h2 class=\"h5\">Conoce a nuestras familias<\/h2>\n                                    <\/div><div class=\"sub-heading component\"><p>Las familias BSV dan su visi\u00f3n de lo que significa BSV para ellos y para sus hijos.<\/p>\n<\/div><style>\n                        .flex-button {\n                        margin-top: 25px;\n                    } \n                        \n                    @media (max-width: 767px){\n                     .flex-button {\n                      display: block;\n                      margin-left: 0;\n                    }\n                    .flex-button .text-center{\n                     text-align: left !important;\n                    }\n                    }\n\n\n                        <\/style><\/div><\/div><\/section><section  class=\"section    pt-0  \" style=\"\"\"><div class=\"container-fluid\">\n                                        <div class=\"row m-0\"><div class=\"col-md-12 col-lg-12 pe-auto mb-0 ratio ratio-16x9\">\n                                            <iframe v-title=\"Nuestras familias\" id=\"video-2723\" class=\"callout__iframe\" style=\"width:100%; max-width:100%; opacity:1; height:100%;\" src=\"https:\/\/www.youtube.com\/embed\/h5GdqFbFsNs\" frameborder=\"0\" allowfullscreen allow=\"xr-spatial-tracking\" aria-label=\"Nuestras familias\"><\/iframe>\n                                               \n                                            <\/div>\n                                            <div class=\"col-md-12 col-lg-12 p-0\">\n                                            <figcaption>Nuestras familias<\/figcaption><\/div>\n                                        <\/div>\n                                    <\/div>\n                                <\/section>[\/vc_column][\/vc_row][vc_row][vc_column]<section  class=\"section  wpb_animate_when_almost_visible wpb_fadeInUp fadeInUp     section--blue\" style='background-color:#f0f2f1;'><div class=\"container-fluid section--blue\" style='background-color:#f0f2f1'><style>\n            .background-box .heading .h5:after {\n                display:none;\n            }\n            <\/style><div class=\"row m-0 justify-content-center pt-3 pt-md-3\"><style>\n                .thumbnail_img_overlay_2299 .heading .h5 a {\n                    font-size: 34px;\n                    line-height:34px;\n                    \n                }\n\n                .thumbnail_img_overlay_2299 .heading .h5 {\n                    font-size: 34px;\n                    line-height: 34px;\n                    \n                }\n               \n                <\/style><style>\n                .thumbnail_img_overlay_2299 .heading .h5 a {\n                    color: #ffffffpx;\n                    \n                }\n\n                .thumbnail_img_overlay_2299 .heading .h5 {\n                    color: #ffffffpx;\n                    \n                }\n               \n                <\/style><style>\n                .thumbnail_img_overlay_2299 .callout-img.leftBottom-content .img-overlay {\n                    align-items: center;\n                    display: inline-grid;\n                    text-align: center;\n                   \n                }\n\n                .thumbnail_img_overlay_2299 .background-box .heading .h5:after {\n                    left: 112px;\n                    top: 62%;\n                    }\n                    @media (max-width: 992px){\n                        .thumbnail_img_overlay_2299 .background-box .heading .h5:after {\n                            left: 41px;\n                            top: 62%;\n                            } \n                    }\n               \n                <\/style><div class=\"col-lg-3 col-md-3 col-sm-3 mb-3 pb-2\">\n                            <div class=\"card card--white tech-images next-steps-module  thumbnail_img_overlay_2299\">   <a class=\"nolinkimage\" target=\"_blank\"><div class=\"ratio ratio-21x9 callout-img halfcol--img leftBottom-content background-box\" style=\"background:#334069;\">\n                                    \n                                    <div class=\"img-overlay \">\n                                   \n                                        <div class=\"heading component\">\n                                        <h5 class=\"h5\" style=\"background:;\">Pr\u00f3ximos pasos:<\/h5>\n                                        <\/div>\n                                      \n                                   \n                                <\/div>\n                                    \n                                    <\/div><\/a>\n                            <\/div>\n                        <\/div><style>\n                .thumbnail_img_overlay_1474 .callout-img.halfcol--img .img-overlay {\n                    background: rgba(0,0,0,0.5);\n                    \n                }\n\n                .thumbnail_img_overlay_1474 .tech-images .callout-img.halfcol--img {\n                    background: rgba(0,0,0,0.5);\n                    \n                }\n\n                <\/style><style>\n                .thumbnail_img_overlay_1474 .heading .h5 {\n                    background: rgba(183,17,60,0.5);\n                    \n                }\n\n            \n\n                <\/style><style>\n                .thumbnail_img_overlay_1474 .heading .h5 a {\n                    font-size: 24px;\n                    line-height:24px;\n                    \n                }\n\n                .thumbnail_img_overlay_1474 .heading .h5 {\n                    font-size: 24px;\n                    line-height: 24px;\n                    \n                }\n               \n                <\/style><style>\n                .thumbnail_img_overlay_1474 .heading .h5 a {\n                    color: #ffffffpx;\n                    \n                }\n\n                .thumbnail_img_overlay_1474 .heading .h5 {\n                    color: #ffffffpx;\n                    \n                }\n               \n                <\/style><div class=\"col-lg-3 col-md-3 col-sm-3 mb-3 pb-2\">\n                            <div class=\"card card--white tech-images next-steps-module  thumbnail_img_overlay_1474\">   <a class=\"\" href = \"\/es\/mision-y-valores\/\" ><div class=\"ratio ratio-21x9 callout-img halfcol--img leftBottom-content\" style=\"background-image: url(https:\/\/www.bsvalencia.com\/wp-content\/uploads\/sites\/98\/2025\/01\/BSV-Home.jpg);background-position:center;\">\n                                 \n                                 <div class=\"img-overlay \">\n                                 \n                                     <div class=\"heading component\">\n                                         <h5 class=\"h5\" >Misi\u00f3n y Valores<\/h5>\n                                     <\/div>\n                                   \n                                \n                             <\/div>\n                                 \n                                 <\/div><\/a>\n                            <\/div>\n                        <\/div><style>\n                .thumbnail_img_overlay_8276 .callout-img.halfcol--img .img-overlay {\n                    background: rgba(0,0,0,0.5);\n                    \n                }\n\n                .thumbnail_img_overlay_8276 .tech-images .callout-img.halfcol--img {\n                    background: rgba(0,0,0,0.5);\n                    \n                }\n\n                <\/style><style>\n                .thumbnail_img_overlay_8276 .heading .h5 {\n                    background: rgba(183,17,60,0.5);\n                    \n                }\n\n            \n\n                <\/style><style>\n                .thumbnail_img_overlay_8276 .heading .h5 a {\n                    font-size: 24px;\n                    line-height:24px;\n                    \n                }\n\n                .thumbnail_img_overlay_8276 .heading .h5 {\n                    font-size: 24px;\n                    line-height: 24px;\n                    \n                }\n               \n                <\/style><style>\n                .thumbnail_img_overlay_8276 .heading .h5 a {\n                    color: #ffffffpx;\n                    \n                }\n\n                .thumbnail_img_overlay_8276 .heading .h5 {\n                    color: #ffffffpx;\n                    \n                }\n               \n                <\/style><div class=\"col-lg-3 col-md-3 col-sm-3 mb-3 pb-2\">\n                            <div class=\"card card--white tech-images next-steps-module  thumbnail_img_overlay_8276\">   <a class=\"\" href = \"\/es\/educacion-britanica\/\" ><div class=\"ratio ratio-21x9 callout-img halfcol--img leftBottom-content\" style=\"background-image: url(https:\/\/www.bsvalencia.com\/wp-content\/uploads\/sites\/98\/2025\/01\/BSV-Britanico.jpg);background-position:center;\">\n                                 \n                                 <div class=\"img-overlay \">\n                                 \n                                     <div class=\"heading component\">\n                                         <h5 class=\"h5\" >Educaci\u00f3n Brit\u00e1nica<\/h5>\n                                     <\/div>\n                                   \n                                \n                             <\/div>\n                                 \n                                 <\/div><\/a>\n                            <\/div>\n                        <\/div><style>\n                .thumbnail_img_overlay_8777 .callout-img.halfcol--img .img-overlay {\n                    background: rgba(0,0,0,0.5);\n                    \n                }\n\n                .thumbnail_img_overlay_8777 .tech-images .callout-img.halfcol--img {\n                    background: rgba(0,0,0,0.5);\n                    \n                }\n\n                <\/style><style>\n                .thumbnail_img_overlay_8777 .heading .h5 {\n                    background: rgba(183,17,60,0.5);\n                    \n                }\n\n            \n\n                <\/style><style>\n                .thumbnail_img_overlay_8777 .heading .h5 a {\n                    font-size: 24px;\n                    line-height:24px;\n                    \n                }\n\n                .thumbnail_img_overlay_8777 .heading .h5 {\n                    font-size: 24px;\n                    line-height: 24px;\n                    \n                }\n               \n                <\/style><style>\n                .thumbnail_img_overlay_8777 .heading .h5 a {\n                    color: #ffffffpx;\n                    \n                }\n\n                .thumbnail_img_overlay_8777 .heading .h5 {\n                    color: #ffffffpx;\n                    \n                }\n               \n                <\/style><div class=\"col-lg-3 col-md-3 col-sm-3 mb-3 pb-2\">\n                            <div class=\"card card--white tech-images next-steps-module  thumbnail_img_overlay_8777\">   <a class=\"\" href = \"\/es\/proceso-de-admision\/\" ><div class=\"ratio ratio-21x9 callout-img halfcol--img leftBottom-content\" style=\"background-image: url(https:\/\/www.bsvalencia.com\/wp-content\/uploads\/sites\/98\/2025\/01\/BSV-Admisiones-1.jpg);background-position:center;\">\n                                 \n                                 <div class=\"img-overlay \">\n                                 \n                                     <div class=\"heading component\">\n                                         <h5 class=\"h5\" >Proceso de Admisi\u00f3n<\/h5>\n                                     <\/div>\n                                   \n                                \n                             <\/div>\n                                 \n                                 <\/div><\/a>\n                            <\/div>\n                        <\/div><\/div><\/div>\n            <\/section>[\/vc_column][\/vc_row]<\/p>\n<\/div>","protected":false},"excerpt":{"rendered":"<p>[vc_row][vc_column][\/vc_column][\/vc_row][vc_row][vc_column][\/vc_column][\/vc_row][vc_row css=&#8221;.vc_custom_1684916745035{background-image: url(https:\/\/www.bsvalencia.com\/wp-content\/uploads\/sites\/98\/2023\/03\/bsv-logo-bg-test-4.png?id=64272) !important;background-position: center !important;background-repeat: no-repeat !important;background-size: cover !important;}&#8221;][vc_column][\/vc_column][\/vc_row][vc_row][vc_column][\/vc_column][\/vc_row][vc_row][vc_column][\/vc_column][\/vc_row]<\/p>\n","protected":false},"author":390,"featured_media":0,"parent":0,"menu_order":0,"comment_status":"closed","ping_status":"closed","template":"","meta":{"_acf_changed":false,"footnotes":""},"class_list":["post-10620","page","type-page","status-publish","hentry"],"acf":[],"yoast_head":"<!-- This site is optimized with the Yoast SEO plugin v26.5 - https:\/\/yoast.com\/wordpress\/plugins\/seo\/ -->\n<title>Comunidad BSV - British School of Valencia<\/title>\n<meta name=\"description\" content=\"Para BSV es muy importante que nuestros estudiantes se sientan parte de la comunidad que hemos construido a lo largo de los a\u00f1os.\" \/>\n<meta name=\"robots\" content=\"index, follow, max-snippet:-1, max-image-preview:large, max-video-preview:-1\" \/>\n<link rel=\"canonical\" href=\"https:\/\/www.bsvalencia.com\/es\/comunidad-bsv\/\" \/>\n<meta property=\"og:locale\" content=\"es_ES\" \/>\n<meta property=\"og:type\" content=\"article\" \/>\n<meta property=\"og:title\" content=\"Comunidad BSV - British School of Valencia\" \/>\n<meta property=\"og:description\" content=\"Para BSV es muy importante que nuestros estudiantes se sientan parte de la comunidad que hemos construido a lo largo de los a\u00f1os.\" \/>\n<meta property=\"og:url\" content=\"https:\/\/www.bsvalencia.com\/es\/comunidad-bsv\/\" \/>\n<meta property=\"og:site_name\" content=\"British School of Valencia\" \/>\n<meta property=\"article:publisher\" content=\"https:\/\/www.facebook.com\/britishschoolvalencia\" \/>\n<meta property=\"article:modified_time\" content=\"2025-02-05T07:52:46+00:00\" \/>\n<meta property=\"og:image\" content=\"https:\/\/www.bsvalencia.com\/wp-content\/uploads\/sites\/98\/2023\/03\/bsv-logo.png\" \/>\n\t<meta property=\"og:image:width\" content=\"261\" \/>\n\t<meta property=\"og:image:height\" content=\"99\" \/>\n\t<meta property=\"og:image:type\" content=\"image\/png\" \/>\n<meta name=\"twitter:card\" content=\"summary_large_image\" \/>\n<meta name=\"twitter:site\" content=\"@BritishValencia\" \/>\n<meta name=\"twitter:label1\" content=\"Tiempo de lectura\" \/>\n\t<meta name=\"twitter:data1\" content=\"1 minuto\" \/>\n<!-- \/ Yoast SEO plugin. -->","yoast_head_json":{"title":"Comunidad BSV - British School of Valencia","description":"Para BSV es muy importante que nuestros estudiantes se sientan parte de la comunidad que hemos construido a lo largo de los a\u00f1os.","robots":{"index":"index","follow":"follow","max-snippet":"max-snippet:-1","max-image-preview":"max-image-preview:large","max-video-preview":"max-video-preview:-1"},"canonical":"https:\/\/www.bsvalencia.com\/es\/comunidad-bsv\/","og_locale":"es_ES","og_type":"article","og_title":"Comunidad BSV - British School of Valencia","og_description":"Para BSV es muy importante que nuestros estudiantes se sientan parte de la comunidad que hemos construido a lo largo de los a\u00f1os.","og_url":"https:\/\/www.bsvalencia.com\/es\/comunidad-bsv\/","og_site_name":"British School of Valencia","article_publisher":"https:\/\/www.facebook.com\/britishschoolvalencia","article_modified_time":"2025-02-05T07:52:46+00:00","og_image":[{"width":261,"height":99,"url":"https:\/\/www.bsvalencia.com\/wp-content\/uploads\/sites\/98\/2023\/03\/bsv-logo.png","type":"image\/png"}],"twitter_card":"summary_large_image","twitter_site":"@BritishValencia","twitter_misc":{"Tiempo de lectura":"1 minuto"},"schema":{"@context":"https:\/\/schema.org","@graph":[{"@type":"WebPage","@id":"https:\/\/www.bsvalencia.com\/es\/comunidad-bsv\/","url":"https:\/\/www.bsvalencia.com\/es\/comunidad-bsv\/","name":"Comunidad BSV - British School of Valencia","isPartOf":{"@id":"https:\/\/www.bsvalencia.com\/es\/#website"},"datePublished":"2021-09-14T06:29:21+00:00","dateModified":"2025-02-05T07:52:46+00:00","description":"Para BSV es muy importante que nuestros estudiantes se sientan parte de la comunidad que hemos construido a lo largo de los a\u00f1os.","breadcrumb":{"@id":"https:\/\/www.bsvalencia.com\/es\/comunidad-bsv\/#breadcrumb"},"inLanguage":"es","potentialAction":[{"@type":"ReadAction","target":["https:\/\/www.bsvalencia.com\/es\/comunidad-bsv\/"]}]},{"@type":"BreadcrumbList","@id":"https:\/\/www.bsvalencia.com\/es\/comunidad-bsv\/#breadcrumb","itemListElement":[{"@type":"ListItem","position":1,"name":"Home","item":"https:\/\/www.bsvalencia.com\/es\/"},{"@type":"ListItem","position":2,"name":"Comunidad BSV"}]},{"@type":"WebSite","@id":"https:\/\/www.bsvalencia.com\/es\/#website","url":"https:\/\/www.bsvalencia.com\/es\/","name":"British School of Valencia","description":"British School of Valencia (BSV) is a British teaching institution located in the centre of the city of Valencia, founded in 1992.","publisher":{"@id":"https:\/\/www.bsvalencia.com\/es\/#organization"},"alternateName":"BSV","potentialAction":[{"@type":"SearchAction","target":{"@type":"EntryPoint","urlTemplate":"https:\/\/www.bsvalencia.com\/es\/?s={search_term_string}"},"query-input":{"@type":"PropertyValueSpecification","valueRequired":true,"valueName":"search_term_string"}}],"inLanguage":"es"},{"@type":"Organization","@id":"https:\/\/www.bsvalencia.com\/es\/#organization","name":"British School of Valencia","alternateName":"BSV","url":"https:\/\/www.bsvalencia.com\/es\/","logo":{"@type":"ImageObject","inLanguage":"es","@id":"https:\/\/www.bsvalencia.com\/es\/#\/schema\/logo\/image\/","url":"https:\/\/www.bsvalencia.com\/wp-content\/uploads\/sites\/98\/2023\/03\/bsv-favicon.png","contentUrl":"https:\/\/www.bsvalencia.com\/wp-content\/uploads\/sites\/98\/2023\/03\/bsv-favicon.png","width":500,"height":500,"caption":"British School of Valencia"},"image":{"@id":"https:\/\/www.bsvalencia.com\/es\/#\/schema\/logo\/image\/"},"sameAs":["https:\/\/www.facebook.com\/britishschoolvalencia","https:\/\/x.com\/BritishValencia","https:\/\/www.instagram.com\/britishschoolofvalencia\/","https:\/\/www.youtube.com\/channel\/UC9s-V5kZbJEEmBVugS7crzQ","https:\/\/www.linkedin.com\/company\/bsvalencia\/"]}]}},"jetpack_sharing_enabled":true,"_links":{"self":[{"href":"https:\/\/www.bsvalencia.com\/es\/wp-json\/wp\/v2\/pages\/10620","targetHints":{"allow":["GET"]}}],"collection":[{"href":"https:\/\/www.bsvalencia.com\/es\/wp-json\/wp\/v2\/pages"}],"about":[{"href":"https:\/\/www.bsvalencia.com\/es\/wp-json\/wp\/v2\/types\/page"}],"author":[{"embeddable":true,"href":"https:\/\/www.bsvalencia.com\/es\/wp-json\/wp\/v2\/users\/390"}],"replies":[{"embeddable":true,"href":"https:\/\/www.bsvalencia.com\/es\/wp-json\/wp\/v2\/comments?post=10620"}],"version-history":[{"count":54,"href":"https:\/\/www.bsvalencia.com\/es\/wp-json\/wp\/v2\/pages\/10620\/revisions"}],"predecessor-version":[{"id":69502,"href":"https:\/\/www.bsvalencia.com\/es\/wp-json\/wp\/v2\/pages\/10620\/revisions\/69502"}],"wp:attachment":[{"href":"https:\/\/www.bsvalencia.com\/es\/wp-json\/wp\/v2\/media?parent=10620"}],"curies":[{"name":"wp","href":"https:\/\/api.w.org\/{rel}","templated":true}]}}